{"id":11097,"date":"2023-05-17T09:27:16","date_gmt":"2023-05-17T07:27:16","guid":{"rendered":"https:\/\/haussermann.com\/home\/unternehmen\/"},"modified":"2023-06-07T09:35:56","modified_gmt":"2023-06-07T07:35:56","slug":"company","status":"publish","type":"page","link":"https:\/\/haussermann.com\/en\/home\/company\/","title":{"rendered":"About us"},"content":{"rendered":"<section class=\"l-section wpb_row us_custom_f9de1abc height_custom color_primary with_slider\"><div class=\"l-section-slider\"><div class=\"w-slider style_none fit_cover nav_none count_1\"><div class=\"w-slider-h\"><div class=\"royalSlider\"><div class=\"rsContent\"><a class=\"rsImg\" data-rsw=\"1920\" data-rsh=\"600\" href=\"https:\/\/haussermann.com\/wp-content\/uploads\/Header_ueber-uns.webp\"><span data-alt=\"\u00dcber uns\"><\/span><\/a><\/div><\/div><img decoding=\"async\" src=\"https:\/\/haussermann.com\/wp-content\/uploads\/Header_ueber-uns.webp\" width=\"1920\" height=\"600\" alt=\"\u00dcber uns\" loading=\"lazy\"><\/div><div class=\"w-slider-json\" onclick='return {&quot;autoScaleSlider&quot;:true,&quot;addActiveClass&quot;:true,&quot;loop&quot;:true,&quot;fadeInLoadedSlide&quot;:false,&quot;slidesSpacing&quot;:0,&quot;imageScalePadding&quot;:0,&quot;numImagesToPreload&quot;:2,&quot;arrowsNav&quot;:false,&quot;arrowsNavAutoHide&quot;:false,&quot;transitionType&quot;:&quot;move&quot;,&quot;transitionSpeed&quot;:1000,&quot;block&quot;:{&quot;moveEffect&quot;:&quot;none&quot;,&quot;speed&quot;:300},&quot;thumbs&quot;:{&quot;fitInViewport&quot;:false,&quot;firstMargin&quot;:false,&quot;spacing&quot;:4},&quot;controlNavigation&quot;:&quot;none&quot;,&quot;autoplay&quot;:{&quot;enabled&quot;:true,&quot;pauseOnHover&quot;:false,&quot;delay&quot;:3000},&quot;autoScaleSliderWidth&quot;:1920,&quot;autoScaleSliderHeight&quot;:600}'><\/div><\/div><\/div><div class=\"l-section-h i-cf\"><div class=\"g-cols vc_row via_grid cols_1 laptops-cols_inherit tablets-cols_inherit mobiles-cols_1 valign_middle type_default stacking_default\"><div class=\"wpb_column vc_column_container\"><div class=\"vc_column-inner\"><div class=\"w-separator size_huge\"><\/div><div class=\"w-separator hide_on_tablets hide_on_mobiles size_huge\"><\/div><div class=\"w-separator hide_on_mobiles size_huge\"><\/div><div class=\"w-separator hide_on_tablets hide_on_mobiles size_huge\"><\/div><div id=\"ultimate-heading-59969e21cdb647d0\" class=\"uvc-heading ult-adjust-bottom-margin ultimate-heading-59969e21cdb647d0 uvc-2838 h1-und-h2\" data-hspacer=\"no_spacer\"  data-halign=\"left\" style=\"text-align:left\"><div class=\"uvc-heading-spacer no_spacer\" style=\"top\"><\/div><div class=\"uvc-sub-heading ult-responsive\"  data-ultimate-target='.uvc-heading.ultimate-heading-59969e21cdb647d0 .uvc-sub-heading '  data-responsive-json-new='{\"font-size\":\"\",\"line-height\":\"\"}'  style=\"font-weight:normal;color:#ffffff;\">\n<h2>About <strong>us<\/strong><\/h2>\n<\/div><\/div><\/div><\/div><\/div><\/div><\/section><section class=\"l-section wpb_row height_small\"><div class=\"l-section-h i-cf\"><div class=\"g-cols vc_row via_grid cols_1 laptops-cols_inherit tablets-cols_inherit mobiles-cols_1 valign_top type_default stacking_default\"><div class=\"wpb_column vc_column_container\"><div class=\"vc_column-inner\"><nav class=\"g-breadcrumbs us_custom_ea2be81a separator_icon align_left\" itemscope itemtype=\"http:\/\/schema.org\/BreadcrumbList\"><div class=\"g-breadcrumbs-item\" itemscope itemprop=\"itemListElement\" itemtype=\"http:\/\/schema.org\/ListItem\"><a itemprop=\"item\" href=\"https:\/\/haussermann.com\/en\/\"><span itemprop=\"name\">Home<\/span><\/a><meta itemprop=\"position\" content=\"1\"\/><\/div><div class=\"g-breadcrumbs-separator\"><i class=\"far fa-angle-right\"><\/i><\/div><div class=\"g-breadcrumbs-item\">Pages<\/div><\/nav><\/div><\/div><\/div><\/div><\/section><section class=\"l-section wpb_row height_custom\"><div class=\"l-section-h i-cf\"><div class=\"g-cols vc_row via_grid cols_1 laptops-cols_inherit tablets-cols_inherit mobiles-cols_1 valign_top type_default stacking_default\"><div class=\"wpb_column vc_column_container\"><div class=\"vc_column-inner\"><div id=\"ultimate-heading-952169e21cdb6555b\" class=\"uvc-heading ult-adjust-bottom-margin ultimate-heading-952169e21cdb6555b uvc-4246 underline-blue\" data-hspacer=\"no_spacer\"  data-halign=\"left\" style=\"text-align:left\"><div class=\"uvc-heading-spacer no_spacer\" style=\"top\"><\/div><div class=\"uvc-main-heading ult-responsive\"  data-ultimate-target='.uvc-heading.ultimate-heading-952169e21cdb6555b h2'  data-responsive-json-new='{\"font-size\":\"\",\"line-height\":\"\"}' ><h2 style=\"font-weight:bold;margin-bottom:2rem;\">About us<\/h2><\/div><div class=\"uvc-sub-heading ult-responsive\"  data-ultimate-target='.uvc-heading.ultimate-heading-952169e21cdb6555b .uvc-sub-heading '  data-responsive-json-new='{\"font-size\":\"\",\"line-height\":\"\"}'  style=\"font-weight:normal;\">\n<h1>Partnership<br \/>\n<strong>for Spring Force<\/strong><\/h1>\n<\/div><\/div><div class=\"w-separator size_medium\"><\/div><div class=\"g-cols wpb_row via_grid cols_2 laptops-cols_inherit tablets-cols_inherit mobiles-cols_1 valign_top type_default stacking_default\" style=\"--gap:3rem;\"><div class=\"wpb_column vc_column_container\"><div class=\"vc_column-inner\"><div class=\"wpb_text_column\"><div class=\"wpb_wrapper\"><p>As a flexible, dynamic technology leader, we are our customers\u2019 specialized and competent solutions partner for many industries and applications. We provide you with disc spring, wave spring and thermoforming solutions for a wide variety of technical tasks in order to reduce and dampen stresses, oscillations and vibrations, to decouple forces and to bring calm to demanding systems. High-end engineering for optimized springs in line with specific customer requirements. Service and consulting for the safe and economic solution. Worldwide presence for more performance. That is what H\u00c4USSERMANN stands for.<\/p>\n<\/div><\/div><\/div><\/div><div class=\"wpb_column vc_column_container us_custom_a08360d1\"><div class=\"vc_column-inner\"><div class=\"wpb_text_column\"><div class=\"wpb_wrapper\"><h4>95 YEARS OF INNOVATION MADE BY H\u00c4USSERMANN<\/h4>\n<p>We know what we are doing thanks to over 95 years of experience. We have mastered the art of continually improving developments for our customers. The know-how comes from practical experience in contact with many users. It is based on our own intensive research and development carried out over many years in the field of hot forming spring steels and improving dynamic resilience.<\/p>\n<\/div><\/div><\/div><\/div><\/div><\/div><\/div><\/div><\/div><\/section><section class=\"l-section wpb_row us_custom_0b3d9f43 height_custom\"><div class=\"l-section-overlay\" style=\"background:#c0c9d2\"><\/div><div class=\"l-section-h i-cf\"><div class=\"g-cols vc_row via_grid cols_1 laptops-cols_inherit tablets-cols_inherit mobiles-cols_1 valign_top type_default stacking_default\"><div class=\"wpb_column vc_column_container\"><div class=\"vc_column-inner\"><div class=\"g-cols wpb_row via_grid cols_2 laptops-cols_inherit tablets-cols_inherit mobiles-cols_1 valign_top type_default stacking_default\" style=\"--gap:3rem;\"><div class=\"wpb_column vc_column_container\"><div class=\"vc_column-inner\"><div class=\"w-image align_none\"><div class=\"w-image-h\"><img decoding=\"async\" width=\"624\" height=\"490\" src=\"https:\/\/haussermann.com\/wp-content\/uploads\/ueber-uns.webp\" class=\"attachment-full size-full\" alt=\"\u00dcber uns H\u00c4USSERMANN\" loading=\"lazy\" srcset=\"https:\/\/haussermann.com\/wp-content\/uploads\/ueber-uns.webp 624w, https:\/\/haussermann.com\/wp-content\/uploads\/ueber-uns-300x236.webp 300w, https:\/\/haussermann.com\/wp-content\/uploads\/ueber-uns-191x150.webp 191w, https:\/\/haussermann.com\/wp-content\/uploads\/ueber-uns-509x400.webp 509w, https:\/\/haussermann.com\/wp-content\/uploads\/ueber-uns-64x50.webp 64w, https:\/\/haussermann.com\/wp-content\/uploads\/ueber-uns-127x100.webp 127w\" sizes=\"auto, (max-width: 624px) 100vw, 624px\" \/><\/div><\/div><\/div><\/div><div class=\"wpb_column vc_column_container us_custom_a08360d1\"><div class=\"vc_column-inner\"><div class=\"wpb_text_column\"><div class=\"wpb_wrapper\"><p>As an independent, traditional family-run business, we play at the highest level in the premier league, for example as a partner of worldwide leading vehicle manufacturers. The development dynamics continue to increase in the automotive sector. We have been firmly established in this sector for many decades as a preferred development partner and disc spring supplier to OEMs and first tiers (Mercedes-Benz, ZF, Caterpillar, BorgWarner, John Deere, CNH, Valeo, etc.). We open up new possibilities for them with efficient, innovative problem solutions, as well as for partners from many other sectors, for whom we offer individually tailored solutions.<\/p>\n<\/div><\/div><\/div><\/div><\/div><\/div><\/div><\/div><\/div><\/section><section class=\"l-section wpb_row us_custom_0b3d9f43 height_custom\"><div class=\"l-section-h i-cf\"><div class=\"g-cols vc_row via_grid cols_1 laptops-cols_inherit tablets-cols_inherit mobiles-cols_1 valign_top type_default stacking_default\"><div class=\"wpb_column vc_column_container\"><div class=\"vc_column-inner\"><div class=\"g-cols wpb_row via_grid cols_2 laptops-cols_inherit tablets-cols_inherit mobiles-cols_1 valign_top type_default stacking_default\" style=\"--gap:3rem;\"><div class=\"wpb_column vc_column_container\"><div class=\"vc_column-inner\"><div class=\"wpb_text_column\"><div class=\"wpb_wrapper\"><h4>FIRST EUROPEAN DISC SPRING CLUTCH: FROM H\u00c4USSERMANN<\/h4>\n<p>The \u201cH\u00c4USSERMANN clutch\u201d under the brand name LuK (Lamellen und Kupplungsbau August H\u00e4ussermann) was the first European disc spring clutch and the basis of all of today\u2019s vehicle dry clutches. Our manufacturing technology for slotted precision disc springs and precision shafting of clutch discs is based on this tradition.<\/p>\n<\/div><\/div><\/div><\/div><div class=\"wpb_column vc_column_container us_custom_0988aa65\"><div class=\"vc_column-inner\"><\/div><\/div><\/div><\/div><\/div><\/div><\/div><\/section>\n","protected":false},"excerpt":{"rendered":"About us HomePagesAbout us Partnership for Spring Force As a flexible, dynamic technology leader, we are our customers\u2019 specialized and competent solutions partner for many industries and applications. We provide you with disc spring, wave spring and thermoforming solutions for a wide variety of technical tasks in order to reduce and dampen stresses, oscillations and...","protected":false},"author":2,"featured_media":0,"parent":8901,"menu_order":0,"comment_status":"closed","ping_status":"closed","template":"","meta":{"footnotes":""},"class_list":["post-11097","page","type-page","status-publish","hentry"],"yoast_head":"<!-- This site is optimized with the Yoast SEO plugin v24.3 - https:\/\/yoast.com\/wordpress\/plugins\/seo\/ -->\n<title>About us - H\u00c4USSERMANN \u2013 Tellerfeder-, Wellfeder- und Warmform-L\u00f6sungen f\u00fcr die unterschiedlichsten technischen Aufgabenstellungen<\/title>\n<meta name=\"description\" content=\"Hochwertige ma\u00dfgeschneiderte Federn und Schwingungsd\u00e4mpfer f\u00fcr Automobil, Antriebstechnik und weitere Branchen: Entdecken Sie die vielseitigen Tellerfedern, Wellfedern und Warmform-L\u00f6sungen von H\u00c4USSERMANN.\" \/>\n<meta name=\"robots\" content=\"index, follow, max-snippet:-1, max-image-preview:large, max-video-preview:-1\" \/>\n<link rel=\"canonical\" href=\"https:\/\/haussermann.com\/en\/home\/company\/\" \/>\n<meta property=\"og:locale\" content=\"en_US\" \/>\n<meta property=\"og:type\" content=\"article\" \/>\n<meta property=\"og:title\" content=\"About us - H\u00c4USSERMANN \u2013 Tellerfeder-, Wellfeder- und Warmform-L\u00f6sungen f\u00fcr die unterschiedlichsten technischen Aufgabenstellungen\" \/>\n<meta property=\"og:description\" content=\"Hochwertige ma\u00dfgeschneiderte Federn und Schwingungsd\u00e4mpfer f\u00fcr Automobil, Antriebstechnik und weitere Branchen: Entdecken Sie die vielseitigen Tellerfedern, Wellfedern und Warmform-L\u00f6sungen von H\u00c4USSERMANN.\" \/>\n<meta property=\"og:url\" content=\"https:\/\/haussermann.com\/en\/home\/company\/\" \/>\n<meta property=\"og:site_name\" content=\"H\u00c4USSERMANN \u2013 Tellerfeder-, Wellfeder- und Warmform-L\u00f6sungen f\u00fcr die unterschiedlichsten technischen Aufgabenstellungen\" \/>\n<meta property=\"article:modified_time\" content=\"2023-06-07T07:35:56+00:00\" \/>\n<meta name=\"twitter:card\" content=\"summary_large_image\" \/>\n<meta name=\"twitter:label1\" content=\"Est. reading time\" \/>\n\t<meta name=\"twitter:data1\" content=\"8 minutes\" \/>\n<script type=\"application\/ld+json\" class=\"yoast-schema-graph\">{\"@context\":\"https:\/\/schema.org\",\"@graph\":[{\"@type\":\"WebPage\",\"@id\":\"https:\/\/haussermann.com\/en\/home\/company\/\",\"url\":\"https:\/\/haussermann.com\/en\/home\/company\/\",\"name\":\"About us - H\u00c4USSERMANN \u2013 Tellerfeder-, Wellfeder- und Warmform-L\u00f6sungen f\u00fcr die unterschiedlichsten technischen Aufgabenstellungen\",\"isPartOf\":{\"@id\":\"https:\/\/haussermann.com\/en\/#website\"},\"datePublished\":\"2023-05-17T07:27:16+00:00\",\"dateModified\":\"2023-06-07T07:35:56+00:00\",\"description\":\"Hochwertige ma\u00dfgeschneiderte Federn und Schwingungsd\u00e4mpfer f\u00fcr Automobil, Antriebstechnik und weitere Branchen: Entdecken Sie die vielseitigen Tellerfedern, Wellfedern und Warmform-L\u00f6sungen von H\u00c4USSERMANN.\",\"breadcrumb\":{\"@id\":\"https:\/\/haussermann.com\/en\/home\/company\/#breadcrumb\"},\"inLanguage\":\"en-US\",\"potentialAction\":[{\"@type\":\"ReadAction\",\"target\":[\"https:\/\/haussermann.com\/en\/home\/company\/\"]}]},{\"@type\":\"BreadcrumbList\",\"@id\":\"https:\/\/haussermann.com\/en\/home\/company\/#breadcrumb\",\"itemListElement\":[{\"@type\":\"ListItem\",\"position\":1,\"name\":\"Startseite\",\"item\":\"https:\/\/haussermann.com\/en\/\"},{\"@type\":\"ListItem\",\"position\":2,\"name\":\"Company\",\"item\":\"https:\/\/haussermann.com\/en\/\"},{\"@type\":\"ListItem\",\"position\":3,\"name\":\"About us\"}]},{\"@type\":\"WebSite\",\"@id\":\"https:\/\/haussermann.com\/en\/#website\",\"url\":\"https:\/\/haussermann.com\/en\/\",\"name\":\"H\u00c4USSERMANN \u2013 Tellerfeder-, Wellfeder- und Warmform-L\u00f6sungen f\u00fcr die unterschiedlichsten technischen Aufgabenstellungen\",\"description\":\"High-End-Engineering f\u00fcr kundenspezifisch optimierte Federn\",\"publisher\":{\"@id\":\"https:\/\/haussermann.com\/en\/#organization\"},\"potentialAction\":[{\"@type\":\"SearchAction\",\"target\":{\"@type\":\"EntryPoint\",\"urlTemplate\":\"https:\/\/haussermann.com\/en\/?s={search_term_string}\"},\"query-input\":{\"@type\":\"PropertyValueSpecification\",\"valueRequired\":true,\"valueName\":\"search_term_string\"}}],\"inLanguage\":\"en-US\"},{\"@type\":\"Organization\",\"@id\":\"https:\/\/haussermann.com\/en\/#organization\",\"name\":\"H\u00c4USSERMANN \u2013 Tellerfeder-, Wellfeder- und Warmform-L\u00f6sungen f\u00fcr die unterschiedlichsten technischen Aufgabenstellungen\",\"url\":\"https:\/\/haussermann.com\/en\/\",\"logo\":{\"@type\":\"ImageObject\",\"inLanguage\":\"en-US\",\"@id\":\"https:\/\/haussermann.com\/en\/#\/schema\/logo\/image\/\",\"url\":\"https:\/\/haussermann.com\/wp-content\/uploads\/HM_RGB-NEU-.svg\",\"contentUrl\":\"https:\/\/haussermann.com\/wp-content\/uploads\/HM_RGB-NEU-.svg\",\"width\":\"1024\",\"height\":\"1024\",\"caption\":\"H\u00c4USSERMANN \u2013 Tellerfeder-, Wellfeder- und Warmform-L\u00f6sungen f\u00fcr die unterschiedlichsten technischen Aufgabenstellungen\"},\"image\":{\"@id\":\"https:\/\/haussermann.com\/en\/#\/schema\/logo\/image\/\"},\"sameAs\":[\"https:\/\/de.linkedin.com\/company\/haeussermann-gmbh\"]}]}<\/script>\n<!-- \/ Yoast SEO plugin. -->","yoast_head_json":{"title":"About us - H\u00c4USSERMANN \u2013 Tellerfeder-, Wellfeder- und Warmform-L\u00f6sungen f\u00fcr die unterschiedlichsten technischen Aufgabenstellungen","description":"Hochwertige ma\u00dfgeschneiderte Federn und Schwingungsd\u00e4mpfer f\u00fcr Automobil, Antriebstechnik und weitere Branchen: Entdecken Sie die vielseitigen Tellerfedern, Wellfedern und Warmform-L\u00f6sungen von H\u00c4USSERMANN.","robots":{"index":"index","follow":"follow","max-snippet":"max-snippet:-1","max-image-preview":"max-image-preview:large","max-video-preview":"max-video-preview:-1"},"canonical":"https:\/\/haussermann.com\/en\/home\/company\/","og_locale":"en_US","og_type":"article","og_title":"About us - H\u00c4USSERMANN \u2013 Tellerfeder-, Wellfeder- und Warmform-L\u00f6sungen f\u00fcr die unterschiedlichsten technischen Aufgabenstellungen","og_description":"Hochwertige ma\u00dfgeschneiderte Federn und Schwingungsd\u00e4mpfer f\u00fcr Automobil, Antriebstechnik und weitere Branchen: Entdecken Sie die vielseitigen Tellerfedern, Wellfedern und Warmform-L\u00f6sungen von H\u00c4USSERMANN.","og_url":"https:\/\/haussermann.com\/en\/home\/company\/","og_site_name":"H\u00c4USSERMANN \u2013 Tellerfeder-, Wellfeder- und Warmform-L\u00f6sungen f\u00fcr die unterschiedlichsten technischen Aufgabenstellungen","article_modified_time":"2023-06-07T07:35:56+00:00","twitter_card":"summary_large_image","twitter_misc":{"Est. reading time":"8 minutes"},"schema":{"@context":"https:\/\/schema.org","@graph":[{"@type":"WebPage","@id":"https:\/\/haussermann.com\/en\/home\/company\/","url":"https:\/\/haussermann.com\/en\/home\/company\/","name":"About us - H\u00c4USSERMANN \u2013 Tellerfeder-, Wellfeder- und Warmform-L\u00f6sungen f\u00fcr die unterschiedlichsten technischen Aufgabenstellungen","isPartOf":{"@id":"https:\/\/haussermann.com\/en\/#website"},"datePublished":"2023-05-17T07:27:16+00:00","dateModified":"2023-06-07T07:35:56+00:00","description":"Hochwertige ma\u00dfgeschneiderte Federn und Schwingungsd\u00e4mpfer f\u00fcr Automobil, Antriebstechnik und weitere Branchen: Entdecken Sie die vielseitigen Tellerfedern, Wellfedern und Warmform-L\u00f6sungen von H\u00c4USSERMANN.","breadcrumb":{"@id":"https:\/\/haussermann.com\/en\/home\/company\/#breadcrumb"},"inLanguage":"en-US","potentialAction":[{"@type":"ReadAction","target":["https:\/\/haussermann.com\/en\/home\/company\/"]}]},{"@type":"BreadcrumbList","@id":"https:\/\/haussermann.com\/en\/home\/company\/#breadcrumb","itemListElement":[{"@type":"ListItem","position":1,"name":"Startseite","item":"https:\/\/haussermann.com\/en\/"},{"@type":"ListItem","position":2,"name":"Company","item":"https:\/\/haussermann.com\/en\/"},{"@type":"ListItem","position":3,"name":"About us"}]},{"@type":"WebSite","@id":"https:\/\/haussermann.com\/en\/#website","url":"https:\/\/haussermann.com\/en\/","name":"H\u00c4USSERMANN \u2013 Tellerfeder-, Wellfeder- und Warmform-L\u00f6sungen f\u00fcr die unterschiedlichsten technischen Aufgabenstellungen","description":"High-End-Engineering f\u00fcr kundenspezifisch optimierte Federn","publisher":{"@id":"https:\/\/haussermann.com\/en\/#organization"},"potentialAction":[{"@type":"SearchAction","target":{"@type":"EntryPoint","urlTemplate":"https:\/\/haussermann.com\/en\/?s={search_term_string}"},"query-input":{"@type":"PropertyValueSpecification","valueRequired":true,"valueName":"search_term_string"}}],"inLanguage":"en-US"},{"@type":"Organization","@id":"https:\/\/haussermann.com\/en\/#organization","name":"H\u00c4USSERMANN \u2013 Tellerfeder-, Wellfeder- und Warmform-L\u00f6sungen f\u00fcr die unterschiedlichsten technischen Aufgabenstellungen","url":"https:\/\/haussermann.com\/en\/","logo":{"@type":"ImageObject","inLanguage":"en-US","@id":"https:\/\/haussermann.com\/en\/#\/schema\/logo\/image\/","url":"https:\/\/haussermann.com\/wp-content\/uploads\/HM_RGB-NEU-.svg","contentUrl":"https:\/\/haussermann.com\/wp-content\/uploads\/HM_RGB-NEU-.svg","width":"1024","height":"1024","caption":"H\u00c4USSERMANN \u2013 Tellerfeder-, Wellfeder- und Warmform-L\u00f6sungen f\u00fcr die unterschiedlichsten technischen Aufgabenstellungen"},"image":{"@id":"https:\/\/haussermann.com\/en\/#\/schema\/logo\/image\/"},"sameAs":["https:\/\/de.linkedin.com\/company\/haeussermann-gmbh"]}]}},"_links":{"self":[{"href":"https:\/\/haussermann.com\/en\/wp-json\/wp\/v2\/pages\/11097","targetHints":{"allow":["GET"]}}],"collection":[{"href":"https:\/\/haussermann.com\/en\/wp-json\/wp\/v2\/pages"}],"about":[{"href":"https:\/\/haussermann.com\/en\/wp-json\/wp\/v2\/types\/page"}],"author":[{"embeddable":true,"href":"https:\/\/haussermann.com\/en\/wp-json\/wp\/v2\/users\/2"}],"replies":[{"embeddable":true,"href":"https:\/\/haussermann.com\/en\/wp-json\/wp\/v2\/comments?post=11097"}],"version-history":[{"count":4,"href":"https:\/\/haussermann.com\/en\/wp-json\/wp\/v2\/pages\/11097\/revisions"}],"predecessor-version":[{"id":11341,"href":"https:\/\/haussermann.com\/en\/wp-json\/wp\/v2\/pages\/11097\/revisions\/11341"}],"up":[{"embeddable":true,"href":"https:\/\/haussermann.com\/en\/wp-json\/wp\/v2\/pages\/8901"}],"wp:attachment":[{"href":"https:\/\/haussermann.com\/en\/wp-json\/wp\/v2\/media?parent=11097"}],"curies":[{"name":"wp","href":"https:\/\/api.w.org\/{rel}","templated":true}]}}