{"id":11143,"date":"2023-05-10T12:11:10","date_gmt":"2023-05-10T10:11:10","guid":{"rendered":"https:\/\/haussermann.com\/industries\/medizintechnik\/"},"modified":"2023-06-07T16:10:45","modified_gmt":"2023-06-07T14:10:45","slug":"medical-technology","status":"publish","type":"page","link":"https:\/\/haussermann.com\/en\/industries\/medical-technology\/","title":{"rendered":"Medical Technology"},"content":{"rendered":"<section class=\"l-section wpb_row us_custom_f9de1abc height_custom color_primary with_slider\"><div class=\"l-section-slider\"><div class=\"w-slider style_none fit_cover nav_none count_1\"><div class=\"w-slider-h\"><div class=\"royalSlider\"><div class=\"rsContent\"><a class=\"rsImg\" data-rsw=\"1920\" data-rsh=\"600\" href=\"https:\/\/haussermann.com\/wp-content\/uploads\/header_medizintechnik.webp\"><span data-alt=\"Medizintechnik\"><\/span><\/a><\/div><\/div><img decoding=\"async\" src=\"https:\/\/haussermann.com\/wp-content\/uploads\/header_medizintechnik.webp\" width=\"1920\" height=\"600\" alt=\"Medizintechnik\" loading=\"lazy\"><\/div><div class=\"w-slider-json\" onclick='return {&quot;autoScaleSlider&quot;:true,&quot;addActiveClass&quot;:true,&quot;loop&quot;:true,&quot;fadeInLoadedSlide&quot;:false,&quot;slidesSpacing&quot;:0,&quot;imageScalePadding&quot;:0,&quot;numImagesToPreload&quot;:2,&quot;arrowsNav&quot;:false,&quot;arrowsNavAutoHide&quot;:false,&quot;transitionType&quot;:&quot;move&quot;,&quot;transitionSpeed&quot;:1000,&quot;block&quot;:{&quot;moveEffect&quot;:&quot;none&quot;,&quot;speed&quot;:300},&quot;thumbs&quot;:{&quot;fitInViewport&quot;:false,&quot;firstMargin&quot;:false,&quot;spacing&quot;:4},&quot;controlNavigation&quot;:&quot;none&quot;,&quot;autoplay&quot;:{&quot;enabled&quot;:true,&quot;pauseOnHover&quot;:false,&quot;delay&quot;:3000},&quot;autoScaleSliderWidth&quot;:1920,&quot;autoScaleSliderHeight&quot;:600}'><\/div><\/div><\/div><div class=\"l-section-h i-cf\"><div class=\"g-cols vc_row via_grid cols_1 laptops-cols_inherit tablets-cols_inherit mobiles-cols_1 valign_middle type_default stacking_default\"><div class=\"wpb_column vc_column_container\"><div class=\"vc_column-inner\"><div class=\"w-separator size_huge\"><\/div><div class=\"w-separator hide_on_tablets hide_on_mobiles size_huge\"><\/div><div class=\"w-separator hide_on_mobiles size_huge\"><\/div><div class=\"w-separator hide_on_tablets hide_on_mobiles size_huge\"><\/div><div id=\"ultimate-heading-364169e8f9c2ecb04\" class=\"uvc-heading ult-adjust-bottom-margin ultimate-heading-364169e8f9c2ecb04 uvc-3890 h1-und-h2\" data-hspacer=\"no_spacer\"  data-halign=\"left\" style=\"text-align:left\"><div class=\"uvc-heading-spacer no_spacer\" style=\"top\"><\/div><div class=\"uvc-sub-heading ult-responsive\"  data-ultimate-target='.uvc-heading.ultimate-heading-364169e8f9c2ecb04 .uvc-sub-heading '  data-responsive-json-new='{\"font-size\":\"\",\"line-height\":\"\"}'  style=\"font-weight:normal;color:#ffffff;\">\n<h2><strong>Medical Technology<\/strong><\/h2>\n<\/div><\/div><\/div><\/div><\/div><\/div><\/section><section class=\"l-section wpb_row height_small\"><div class=\"l-section-h i-cf\"><div class=\"g-cols vc_row via_grid cols_1 laptops-cols_inherit tablets-cols_inherit mobiles-cols_1 valign_top type_default stacking_default\"><div class=\"wpb_column vc_column_container\"><div class=\"vc_column-inner\"><nav class=\"g-breadcrumbs us_custom_ea2be81a separator_icon align_left\" itemscope itemtype=\"http:\/\/schema.org\/BreadcrumbList\"><div class=\"g-breadcrumbs-item\" itemscope itemprop=\"itemListElement\" itemtype=\"http:\/\/schema.org\/ListItem\"><a itemprop=\"item\" href=\"https:\/\/haussermann.com\/en\/\"><span itemprop=\"name\">Home<\/span><\/a><meta itemprop=\"position\" content=\"1\"\/><\/div><div class=\"g-breadcrumbs-separator\"><i class=\"far fa-angle-right\"><\/i><\/div><div class=\"g-breadcrumbs-item\">Pages<\/div><\/nav><\/div><\/div><\/div><\/div><\/section><section class=\"l-section wpb_row height_custom\"><div class=\"l-section-h i-cf\"><div class=\"g-cols vc_row via_grid cols_1 laptops-cols_inherit tablets-cols_inherit mobiles-cols_1 valign_top type_default stacking_default\"><div class=\"wpb_column vc_column_container\"><div class=\"vc_column-inner\"><div id=\"ultimate-heading-437869e8f9c2ed748\" class=\"uvc-heading ult-adjust-bottom-margin ultimate-heading-437869e8f9c2ed748 uvc-2298 underline-blue\" data-hspacer=\"no_spacer\"  data-halign=\"left\" style=\"text-align:left\"><div class=\"uvc-heading-spacer no_spacer\" style=\"top\"><\/div><div class=\"uvc-main-heading ult-responsive\"  data-ultimate-target='.uvc-heading.ultimate-heading-437869e8f9c2ed748 h2'  data-responsive-json-new='{\"font-size\":\"\",\"line-height\":\"\"}' ><h2 style=\"font-weight:bold;margin-bottom:2rem;\">Medical Technology<\/h2><\/div><div class=\"uvc-sub-heading ult-responsive\"  data-ultimate-target='.uvc-heading.ultimate-heading-437869e8f9c2ed748 .uvc-sub-heading '  data-responsive-json-new='{\"font-size\":\"\",\"line-height\":\"\"}'  style=\"font-weight:normal;\">\n<h1>Damping for health:<br \/>\n<strong>Technology that helps people<\/strong><\/h1>\n<\/div><\/div><div class=\"g-cols wpb_row via_grid cols_2 laptops-cols_inherit tablets-cols_inherit mobiles-cols_1 valign_middle type_default stacking_default\" style=\"--gap:3rem;\"><div class=\"wpb_column vc_column_container\"><div class=\"vc_column-inner\"><div class=\"wpb_text_column\"><div class=\"wpb_wrapper\"><p>Reliable vibration damping by powerful spring technology is extremely important for medical components, equipment and systems. The requirements here in terms of safe, highly precise functionality, quality and durability are particularly high. Special certifications and hygiene regulations ensure high-end standards here. After all, it\u2019s a question of medical help and treatment success for people.<\/p>\n<p>H\u00c4USSERMANN precision products contribute to ensuring that medical technology functions optimally: for patients as well as for medical, therapeutic or nursing staff. International customers from medical, pharmaceutical and laboratory technology trust our expertise.<\/p>\n<\/div><\/div><\/div><\/div><div class=\"wpb_column vc_column_container us_custom_47474b22 us_animate_this\"><div class=\"vc_column-inner\"><div class=\"w-separator size_medium\"><\/div><div class=\"w-image us_custom_6ccb385f align_center\"><div class=\"w-image-h\"><img decoding=\"async\" width=\"470\" height=\"440\" src=\"https:\/\/haussermann.com\/wp-content\/uploads\/medizintechnik.webp\" class=\"attachment-large size-large\" alt=\"Medizintechnik H\u00c4USSERMANN\" loading=\"lazy\" srcset=\"https:\/\/haussermann.com\/wp-content\/uploads\/medizintechnik.webp 470w, https:\/\/haussermann.com\/wp-content\/uploads\/medizintechnik-300x281.webp 300w, https:\/\/haussermann.com\/wp-content\/uploads\/medizintechnik-160x150.webp 160w, https:\/\/haussermann.com\/wp-content\/uploads\/medizintechnik-427x400.webp 427w, https:\/\/haussermann.com\/wp-content\/uploads\/medizintechnik-53x50.webp 53w, https:\/\/haussermann.com\/wp-content\/uploads\/medizintechnik-107x100.webp 107w\" sizes=\"auto, (max-width: 470px) 100vw, 470px\" \/><\/div><\/div><\/div><\/div><\/div><\/div><\/div><\/div><\/div><\/section><section class=\"l-section wpb_row height_small\"><div class=\"l-section-h i-cf\"><div class=\"g-cols vc_row via_grid cols_1 laptops-cols_inherit tablets-cols_inherit mobiles-cols_1 valign_top type_default stacking_default\"><div class=\"wpb_column vc_column_container\"><div class=\"vc_column-inner\"><div class=\"w-iconbox iconpos_left style_default color_custom align_left no_text icontype_img\"><div class=\"w-iconbox-icon\" style=\"font-size:4rem;\"><svg xmlns=\"http:\/\/www.w3.org\/2000\/svg\" width=\"64\" height=\"16\" viewBox=\"0 0 64 16\"><defs><style>.a{fill:#103157;}.b{fill:#0097d7;}.c{fill:#93d5f6;}<\/style><\/defs><g transform=\"translate(-797 -928)\"><circle class=\"a\" cx=\"8\" cy=\"8\" r=\"8\" transform=\"translate(797 928)\"\/><circle class=\"b\" cx=\"8\" cy=\"8\" r=\"8\" transform=\"translate(829 928)\"\/><circle class=\"c\" cx=\"8\" cy=\"8\" r=\"8\" transform=\"translate(845 928)\"\/><\/g><\/svg><\/div><div class=\"w-iconbox-meta\"><h2 class=\"w-iconbox-title\">H\u00c4USSERMANN ADVANTAGES: INDIVIDUAL SOLUTIONS FOR MEDICAL TECHNOLOGY<\/h2><\/div><\/div><div class=\"w-separator size_medium\"><\/div><div class=\"wpb_text_column\"><div class=\"wpb_wrapper\"><p>We develop and implement individual engineering solutions for demanding medical and therapeutic equipment, devices, units and systems. Our high-end disc springs, wave springs and thermoforming solutions are precisely matched to your application in form and function:<\/p>\n<\/div><\/div><div class=\"w-separator size_medium\"><\/div><div class=\"g-cols wpb_row via_grid cols_2 laptops-cols_inherit tablets-cols_inherit mobiles-cols_1 valign_top type_default stacking_default\" style=\"--gap:3rem;\"><div class=\"wpb_column vc_column_container\"><div class=\"vc_column-inner\"><div class=\"wpb_text_column us_custom_f73ae22e\"><div class=\"wpb_wrapper\"><ul class=\"aufzaehlung-b\">\n<li>Specific design of geometries, diameters and characteristic curves (linear, degressive, progressive) for spring travel, spring force and elasticity<\/li>\n<li>100% reliable precision products, manufactured at the highest safety level<\/li>\n<li>IATF 16949 certified \u2013 a much higher standard than ISO 9001<\/li>\n<li>Specially matched for medical and high-performance applications<\/li>\n<li>The products meet the stringent handling and hygiene regulations in medical technology: technical, organizational and biological cleanliness<\/li>\n<li>Sterility\/sterilizability of the components, which withstand intense cleaning processes over a relatively long period of time<\/li>\n<li>High performance in a small installation space, longer service life, high fatigue strength, minimized downtimes, maintenance and service times<\/li>\n<\/ul>\n<\/div><\/div><\/div><\/div><div class=\"wpb_column vc_column_container us_custom_47474b22 us_animate_this\"><div class=\"vc_column-inner\"><div class=\"wpb_text_column us_custom_f73ae22e\"><div class=\"wpb_wrapper\"><ul class=\"aufzaehlung-b\">\n<li>Narrow force tolerances \/ manufacturing tolerances, high number of load cycles, dynamically loadable<\/li>\n<li>Material and surface characteristics: materials are, for example, rust-resistant stainless steels or special alloys<\/li>\n<li>Clean surface and very resistant to the most common types of corrosion. Different surface treatments ensure the required protection<\/li>\n<li>Process reliability and traceability, documented processes<\/li>\n<li>Manufacturing expertise and state-of-the-art manufacturing technology for the entire development process from sample to series production<\/li>\n<li>Downtimes more under control:<\/li>\n<li>thanks to the in-house prototyping, we can quickly react to your needs and support you<\/li>\n<li>We are happy to help you even in exceptional cases, e.g. spring breakage with no drawing available<\/li>\n<\/ul>\n<\/div><\/div><\/div><\/div><\/div><\/div><\/div><\/div><\/div><\/section><section class=\"l-section wpb_row height_small width_full color_alternate with_img parallax_ver\"><div class=\"l-section-img\" role=\"img\" data-img-width=\"1920\" data-img-height=\"434\" style=\"background-image: url(https:\/\/haussermann.com\/wp-content\/uploads\/pkw_trenner.webp);background-repeat: no-repeat;\"><\/div><div class=\"l-section-h i-cf\"><div class=\"g-cols vc_row via_grid cols_1 laptops-cols_inherit tablets-cols_inherit mobiles-cols_1 valign_middle type_default stacking_default\"><div class=\"wpb_column vc_column_container\"><div class=\"vc_column-inner\"><div class=\"w-separator size_small\"><\/div><div class=\"wpb_text_column us_custom_9a71ace6 text-montserrat has_text_color\"><div class=\"wpb_wrapper\"><p><span style=\"font-family: 'Montserrat'; line-height: 1;\"><strong>Best performance for possible applications<br \/>\n<\/strong>Some examples<\/span><\/p>\n<\/div><\/div><div class=\"w-separator hide_on_laptops hide_on_tablets hide_on_mobiles size_medium\"><\/div><\/div><\/div><\/div><\/div><\/section><section class=\"l-section wpb_row height_custom\"><div class=\"l-section-h i-cf\"><div class=\"g-cols vc_row via_grid cols_1 laptops-cols_inherit tablets-cols_inherit mobiles-cols_1 valign_top type_default stacking_default\"><div class=\"wpb_column vc_column_container\"><div class=\"vc_column-inner\"><div class=\"g-cols wpb_row via_grid cols_1 laptops-cols_inherit tablets-cols_inherit mobiles-cols_1 valign_top type_default stacking_default\" style=\"--gap:3rem;\"><div class=\"wpb_column vc_column_container\"><div class=\"vc_column-inner\"><div class=\"w-iconbox iconpos_left style_default color_custom align_left no_text icontype_img\"><div class=\"w-iconbox-icon\" style=\"font-size:4rem;\"><svg xmlns=\"http:\/\/www.w3.org\/2000\/svg\" width=\"64\" height=\"16\" viewBox=\"0 0 64 16\"><defs><style>.a{fill:#103157;}.b{fill:#0097d7;}.c{fill:#93d5f6;}<\/style><\/defs><g transform=\"translate(-797 -928)\"><circle class=\"a\" cx=\"8\" cy=\"8\" r=\"8\" transform=\"translate(797 928)\"\/><circle class=\"b\" cx=\"8\" cy=\"8\" r=\"8\" transform=\"translate(829 928)\"\/><circle class=\"c\" cx=\"8\" cy=\"8\" r=\"8\" transform=\"translate(845 928)\"\/><\/g><\/svg><\/div><div class=\"w-iconbox-meta\"><h2 class=\"w-iconbox-title\">EXAMPLES OF USE<\/h2><\/div><\/div><\/div><\/div><\/div><div class=\"w-separator size_medium\"><\/div><div class=\"g-cols wpb_row via_grid cols_2 laptops-cols_inherit tablets-cols_inherit mobiles-cols_1 valign_top type_default stacking_default\" style=\"--gap:3rem;\"><div class=\"wpb_column vc_column_container\"><div class=\"vc_column-inner\"><div class=\"wpb_text_column us_custom_c8440bb2\"><div class=\"wpb_wrapper\"><ul class=\"aufzaehlung-b\">\n<li>All types of medical equipment, devices and systems<\/li>\n<li>Operating tables<\/li>\n<li>Hospital beds, care beds<\/li>\n<li>Treatment chairs<\/li>\n<li>Patient gurneys, lifting and transport systems<\/li>\n<li>Dosing and filling technology<\/li>\n<\/ul>\n<\/div><\/div><\/div><\/div><div class=\"wpb_column vc_column_container us_custom_47474b22 us_animate_this\"><div class=\"vc_column-inner\"><div class=\"wpb_text_column us_custom_c8440bb2\"><div class=\"wpb_wrapper\"><ul class=\"aufzaehlung-b\">\n<li>Pumps<\/li>\n<li>Diagnostic and laboratory equipment: Radiology, radiography etc.<\/li>\n<li>Hygiene technology equipment and systems<\/li>\n<li>Measuring and monitoring technology, monitoring<\/li>\n<li>Analysis technology<\/li>\n<li>Safety technology<\/li>\n<\/ul>\n<\/div><\/div><\/div><\/div><\/div><\/div><\/div><\/div><\/div><\/section>\n","protected":false},"excerpt":{"rendered":"Medical Technology HomePagesMedical Technology Damping for health: Technology that helps people Reliable vibration damping by powerful spring technology is extremely important for medical components, equipment and systems. The requirements here in terms of safe, highly precise functionality, quality and durability are particularly high. Special certifications and hygiene regulations ensure high-end standards here. After all, it\u2019s...","protected":false},"author":2,"featured_media":0,"parent":11127,"menu_order":0,"comment_status":"closed","ping_status":"closed","template":"","meta":{"footnotes":""},"class_list":["post-11143","page","type-page","status-publish","hentry"],"yoast_head":"<!-- This site is optimized with the Yoast SEO plugin v24.3 - https:\/\/yoast.com\/wordpress\/plugins\/seo\/ -->\n<title>Medical Technology - H\u00c4USSERMANN \u2013 Tellerfeder-, Wellfeder- und Warmform-L\u00f6sungen f\u00fcr die unterschiedlichsten technischen Aufgabenstellungen<\/title>\n<meta name=\"description\" content=\"Hochwertige ma\u00dfgeschneiderte Federn und Schwingungsd\u00e4mpfer f\u00fcr Automobil, Antriebstechnik und weitere Branchen: Entdecken Sie die vielseitigen Tellerfedern, Wellfedern und Warmform-L\u00f6sungen von H\u00c4USSERMANN.\" \/>\n<meta name=\"robots\" content=\"index, follow, max-snippet:-1, max-image-preview:large, max-video-preview:-1\" \/>\n<link rel=\"canonical\" href=\"https:\/\/haussermann.com\/en\/industries\/medical-technology\/\" \/>\n<meta property=\"og:locale\" content=\"en_US\" \/>\n<meta property=\"og:type\" content=\"article\" \/>\n<meta property=\"og:title\" content=\"Medical Technology - H\u00c4USSERMANN \u2013 Tellerfeder-, Wellfeder- und Warmform-L\u00f6sungen f\u00fcr die unterschiedlichsten technischen Aufgabenstellungen\" \/>\n<meta property=\"og:description\" content=\"Hochwertige ma\u00dfgeschneiderte Federn und Schwingungsd\u00e4mpfer f\u00fcr Automobil, Antriebstechnik und weitere Branchen: Entdecken Sie die vielseitigen Tellerfedern, Wellfedern und Warmform-L\u00f6sungen von H\u00c4USSERMANN.\" \/>\n<meta property=\"og:url\" content=\"https:\/\/haussermann.com\/en\/industries\/medical-technology\/\" \/>\n<meta property=\"og:site_name\" content=\"H\u00c4USSERMANN \u2013 Tellerfeder-, Wellfeder- und Warmform-L\u00f6sungen f\u00fcr die unterschiedlichsten technischen Aufgabenstellungen\" \/>\n<meta property=\"article:modified_time\" content=\"2023-06-07T14:10:45+00:00\" \/>\n<meta name=\"twitter:card\" content=\"summary_large_image\" \/>\n<meta name=\"twitter:label1\" content=\"Est. reading time\" \/>\n\t<meta name=\"twitter:data1\" content=\"3 minutes\" \/>\n<script type=\"application\/ld+json\" class=\"yoast-schema-graph\">{\"@context\":\"https:\/\/schema.org\",\"@graph\":[{\"@type\":\"WebPage\",\"@id\":\"https:\/\/haussermann.com\/en\/industries\/medical-technology\/\",\"url\":\"https:\/\/haussermann.com\/en\/industries\/medical-technology\/\",\"name\":\"Medical Technology - H\u00c4USSERMANN \u2013 Tellerfeder-, Wellfeder- und Warmform-L\u00f6sungen f\u00fcr die unterschiedlichsten technischen Aufgabenstellungen\",\"isPartOf\":{\"@id\":\"https:\/\/haussermann.com\/en\/#website\"},\"datePublished\":\"2023-05-10T10:11:10+00:00\",\"dateModified\":\"2023-06-07T14:10:45+00:00\",\"description\":\"Hochwertige ma\u00dfgeschneiderte Federn und Schwingungsd\u00e4mpfer f\u00fcr Automobil, Antriebstechnik und weitere Branchen: Entdecken Sie die vielseitigen Tellerfedern, Wellfedern und Warmform-L\u00f6sungen von H\u00c4USSERMANN.\",\"breadcrumb\":{\"@id\":\"https:\/\/haussermann.com\/en\/industries\/medical-technology\/#breadcrumb\"},\"inLanguage\":\"en-US\",\"potentialAction\":[{\"@type\":\"ReadAction\",\"target\":[\"https:\/\/haussermann.com\/en\/industries\/medical-technology\/\"]}]},{\"@type\":\"BreadcrumbList\",\"@id\":\"https:\/\/haussermann.com\/en\/industries\/medical-technology\/#breadcrumb\",\"itemListElement\":[{\"@type\":\"ListItem\",\"position\":1,\"name\":\"Startseite\",\"item\":\"https:\/\/haussermann.com\/en\/\"},{\"@type\":\"ListItem\",\"position\":2,\"name\":\"Industries\",\"item\":\"https:\/\/haussermann.com\/en\/industries\/\"},{\"@type\":\"ListItem\",\"position\":3,\"name\":\"Medical Technology\"}]},{\"@type\":\"WebSite\",\"@id\":\"https:\/\/haussermann.com\/en\/#website\",\"url\":\"https:\/\/haussermann.com\/en\/\",\"name\":\"H\u00c4USSERMANN \u2013 Tellerfeder-, Wellfeder- und Warmform-L\u00f6sungen f\u00fcr die unterschiedlichsten technischen Aufgabenstellungen\",\"description\":\"High-End-Engineering f\u00fcr kundenspezifisch optimierte Federn\",\"publisher\":{\"@id\":\"https:\/\/haussermann.com\/en\/#organization\"},\"potentialAction\":[{\"@type\":\"SearchAction\",\"target\":{\"@type\":\"EntryPoint\",\"urlTemplate\":\"https:\/\/haussermann.com\/en\/?s={search_term_string}\"},\"query-input\":{\"@type\":\"PropertyValueSpecification\",\"valueRequired\":true,\"valueName\":\"search_term_string\"}}],\"inLanguage\":\"en-US\"},{\"@type\":\"Organization\",\"@id\":\"https:\/\/haussermann.com\/en\/#organization\",\"name\":\"H\u00c4USSERMANN \u2013 Tellerfeder-, Wellfeder- und Warmform-L\u00f6sungen f\u00fcr die unterschiedlichsten technischen Aufgabenstellungen\",\"url\":\"https:\/\/haussermann.com\/en\/\",\"logo\":{\"@type\":\"ImageObject\",\"inLanguage\":\"en-US\",\"@id\":\"https:\/\/haussermann.com\/en\/#\/schema\/logo\/image\/\",\"url\":\"https:\/\/haussermann.com\/wp-content\/uploads\/HM_RGB-NEU-.svg\",\"contentUrl\":\"https:\/\/haussermann.com\/wp-content\/uploads\/HM_RGB-NEU-.svg\",\"width\":\"1024\",\"height\":\"1024\",\"caption\":\"H\u00c4USSERMANN \u2013 Tellerfeder-, Wellfeder- und Warmform-L\u00f6sungen f\u00fcr die unterschiedlichsten technischen Aufgabenstellungen\"},\"image\":{\"@id\":\"https:\/\/haussermann.com\/en\/#\/schema\/logo\/image\/\"},\"sameAs\":[\"https:\/\/de.linkedin.com\/company\/haeussermann-gmbh\"]}]}<\/script>\n<!-- \/ Yoast SEO plugin. -->","yoast_head_json":{"title":"Medical Technology - H\u00c4USSERMANN \u2013 Tellerfeder-, Wellfeder- und Warmform-L\u00f6sungen f\u00fcr die unterschiedlichsten technischen Aufgabenstellungen","description":"Hochwertige ma\u00dfgeschneiderte Federn und Schwingungsd\u00e4mpfer f\u00fcr Automobil, Antriebstechnik und weitere Branchen: Entdecken Sie die vielseitigen Tellerfedern, Wellfedern und Warmform-L\u00f6sungen von H\u00c4USSERMANN.","robots":{"index":"index","follow":"follow","max-snippet":"max-snippet:-1","max-image-preview":"max-image-preview:large","max-video-preview":"max-video-preview:-1"},"canonical":"https:\/\/haussermann.com\/en\/industries\/medical-technology\/","og_locale":"en_US","og_type":"article","og_title":"Medical Technology - H\u00c4USSERMANN \u2013 Tellerfeder-, Wellfeder- und Warmform-L\u00f6sungen f\u00fcr die unterschiedlichsten technischen Aufgabenstellungen","og_description":"Hochwertige ma\u00dfgeschneiderte Federn und Schwingungsd\u00e4mpfer f\u00fcr Automobil, Antriebstechnik und weitere Branchen: Entdecken Sie die vielseitigen Tellerfedern, Wellfedern und Warmform-L\u00f6sungen von H\u00c4USSERMANN.","og_url":"https:\/\/haussermann.com\/en\/industries\/medical-technology\/","og_site_name":"H\u00c4USSERMANN \u2013 Tellerfeder-, Wellfeder- und Warmform-L\u00f6sungen f\u00fcr die unterschiedlichsten technischen Aufgabenstellungen","article_modified_time":"2023-06-07T14:10:45+00:00","twitter_card":"summary_large_image","twitter_misc":{"Est. reading time":"3 minutes"},"schema":{"@context":"https:\/\/schema.org","@graph":[{"@type":"WebPage","@id":"https:\/\/haussermann.com\/en\/industries\/medical-technology\/","url":"https:\/\/haussermann.com\/en\/industries\/medical-technology\/","name":"Medical Technology - H\u00c4USSERMANN \u2013 Tellerfeder-, Wellfeder- und Warmform-L\u00f6sungen f\u00fcr die unterschiedlichsten technischen Aufgabenstellungen","isPartOf":{"@id":"https:\/\/haussermann.com\/en\/#website"},"datePublished":"2023-05-10T10:11:10+00:00","dateModified":"2023-06-07T14:10:45+00:00","description":"Hochwertige ma\u00dfgeschneiderte Federn und Schwingungsd\u00e4mpfer f\u00fcr Automobil, Antriebstechnik und weitere Branchen: Entdecken Sie die vielseitigen Tellerfedern, Wellfedern und Warmform-L\u00f6sungen von H\u00c4USSERMANN.","breadcrumb":{"@id":"https:\/\/haussermann.com\/en\/industries\/medical-technology\/#breadcrumb"},"inLanguage":"en-US","potentialAction":[{"@type":"ReadAction","target":["https:\/\/haussermann.com\/en\/industries\/medical-technology\/"]}]},{"@type":"BreadcrumbList","@id":"https:\/\/haussermann.com\/en\/industries\/medical-technology\/#breadcrumb","itemListElement":[{"@type":"ListItem","position":1,"name":"Startseite","item":"https:\/\/haussermann.com\/en\/"},{"@type":"ListItem","position":2,"name":"Industries","item":"https:\/\/haussermann.com\/en\/industries\/"},{"@type":"ListItem","position":3,"name":"Medical Technology"}]},{"@type":"WebSite","@id":"https:\/\/haussermann.com\/en\/#website","url":"https:\/\/haussermann.com\/en\/","name":"H\u00c4USSERMANN \u2013 Tellerfeder-, Wellfeder- und Warmform-L\u00f6sungen f\u00fcr die unterschiedlichsten technischen Aufgabenstellungen","description":"High-End-Engineering f\u00fcr kundenspezifisch optimierte Federn","publisher":{"@id":"https:\/\/haussermann.com\/en\/#organization"},"potentialAction":[{"@type":"SearchAction","target":{"@type":"EntryPoint","urlTemplate":"https:\/\/haussermann.com\/en\/?s={search_term_string}"},"query-input":{"@type":"PropertyValueSpecification","valueRequired":true,"valueName":"search_term_string"}}],"inLanguage":"en-US"},{"@type":"Organization","@id":"https:\/\/haussermann.com\/en\/#organization","name":"H\u00c4USSERMANN \u2013 Tellerfeder-, Wellfeder- und Warmform-L\u00f6sungen f\u00fcr die unterschiedlichsten technischen Aufgabenstellungen","url":"https:\/\/haussermann.com\/en\/","logo":{"@type":"ImageObject","inLanguage":"en-US","@id":"https:\/\/haussermann.com\/en\/#\/schema\/logo\/image\/","url":"https:\/\/haussermann.com\/wp-content\/uploads\/HM_RGB-NEU-.svg","contentUrl":"https:\/\/haussermann.com\/wp-content\/uploads\/HM_RGB-NEU-.svg","width":"1024","height":"1024","caption":"H\u00c4USSERMANN \u2013 Tellerfeder-, Wellfeder- und Warmform-L\u00f6sungen f\u00fcr die unterschiedlichsten technischen Aufgabenstellungen"},"image":{"@id":"https:\/\/haussermann.com\/en\/#\/schema\/logo\/image\/"},"sameAs":["https:\/\/de.linkedin.com\/company\/haeussermann-gmbh"]}]}},"_links":{"self":[{"href":"https:\/\/haussermann.com\/en\/wp-json\/wp\/v2\/pages\/11143","targetHints":{"allow":["GET"]}}],"collection":[{"href":"https:\/\/haussermann.com\/en\/wp-json\/wp\/v2\/pages"}],"about":[{"href":"https:\/\/haussermann.com\/en\/wp-json\/wp\/v2\/types\/page"}],"author":[{"embeddable":true,"href":"https:\/\/haussermann.com\/en\/wp-json\/wp\/v2\/users\/2"}],"replies":[{"embeddable":true,"href":"https:\/\/haussermann.com\/en\/wp-json\/wp\/v2\/comments?post=11143"}],"version-history":[{"count":4,"href":"https:\/\/haussermann.com\/en\/wp-json\/wp\/v2\/pages\/11143\/revisions"}],"predecessor-version":[{"id":11567,"href":"https:\/\/haussermann.com\/en\/wp-json\/wp\/v2\/pages\/11143\/revisions\/11567"}],"up":[{"embeddable":true,"href":"https:\/\/haussermann.com\/en\/wp-json\/wp\/v2\/pages\/11127"}],"wp:attachment":[{"href":"https:\/\/haussermann.com\/en\/wp-json\/wp\/v2\/media?parent=11143"}],"curies":[{"name":"wp","href":"https:\/\/api.w.org\/{rel}","templated":true}]}}