{"id":11170,"date":"2023-05-05T14:32:12","date_gmt":"2023-05-05T12:32:12","guid":{"rendered":"https:\/\/haussermann.com\/industries\/automotiv-and-transport\/motorsport\/"},"modified":"2023-06-07T14:54:51","modified_gmt":"2023-06-07T12:54:51","slug":"motor-sports","status":"publish","type":"page","link":"https:\/\/haussermann.com\/en\/industries\/automotiv-and-transport\/motor-sports\/","title":{"rendered":"Motor Sports"},"content":{"rendered":"<section class=\"l-section wpb_row us_custom_f9de1abc height_custom color_primary with_slider\"><div class=\"l-section-slider\"><div class=\"w-slider style_none fit_cover nav_none count_1\"><div class=\"w-slider-h\"><div class=\"royalSlider\"><div class=\"rsContent\"><a class=\"rsImg\" data-rsw=\"1920\" data-rsh=\"600\" href=\"https:\/\/haussermann.com\/wp-content\/uploads\/header_motorsport.webp\"><span data-alt=\"Motorsport\"><\/span><\/a><\/div><\/div><img decoding=\"async\" src=\"https:\/\/haussermann.com\/wp-content\/uploads\/header_motorsport.webp\" width=\"1920\" height=\"600\" alt=\"Motorsport\" loading=\"lazy\"><\/div><div class=\"w-slider-json\" onclick='return {&quot;autoScaleSlider&quot;:true,&quot;addActiveClass&quot;:true,&quot;loop&quot;:true,&quot;fadeInLoadedSlide&quot;:false,&quot;slidesSpacing&quot;:0,&quot;imageScalePadding&quot;:0,&quot;numImagesToPreload&quot;:2,&quot;arrowsNav&quot;:false,&quot;arrowsNavAutoHide&quot;:false,&quot;transitionType&quot;:&quot;move&quot;,&quot;transitionSpeed&quot;:1000,&quot;block&quot;:{&quot;moveEffect&quot;:&quot;none&quot;,&quot;speed&quot;:300},&quot;thumbs&quot;:{&quot;fitInViewport&quot;:false,&quot;firstMargin&quot;:false,&quot;spacing&quot;:4},&quot;controlNavigation&quot;:&quot;none&quot;,&quot;autoplay&quot;:{&quot;enabled&quot;:true,&quot;pauseOnHover&quot;:false,&quot;delay&quot;:3000},&quot;autoScaleSliderWidth&quot;:1920,&quot;autoScaleSliderHeight&quot;:600}'><\/div><\/div><\/div><div class=\"l-section-h i-cf\"><div class=\"g-cols vc_row via_grid cols_1 laptops-cols_inherit tablets-cols_inherit mobiles-cols_1 valign_middle type_default stacking_default\"><div class=\"wpb_column vc_column_container\"><div class=\"vc_column-inner\"><div class=\"w-separator size_huge\"><\/div><div class=\"w-separator hide_on_tablets hide_on_mobiles size_huge\"><\/div><div class=\"w-separator hide_on_mobiles size_huge\"><\/div><div class=\"w-separator hide_on_tablets hide_on_mobiles size_huge\"><\/div><div id=\"ultimate-heading-972169da3dd126d4a\" class=\"uvc-heading ult-adjust-bottom-margin ultimate-heading-972169da3dd126d4a uvc-2327 h1-und-h2\" data-hspacer=\"no_spacer\"  data-halign=\"left\" style=\"text-align:left\"><div class=\"uvc-heading-spacer no_spacer\" style=\"top\"><\/div><div class=\"uvc-sub-heading ult-responsive\"  data-ultimate-target='.uvc-heading.ultimate-heading-972169da3dd126d4a .uvc-sub-heading '  data-responsive-json-new='{\"font-size\":\"\",\"line-height\":\"\"}'  style=\"font-weight:normal;color:#ffffff;\">\n<h2><strong>Motor Sports<\/strong><\/h2>\n<\/div><\/div><\/div><\/div><\/div><\/div><\/section><section class=\"l-section wpb_row height_small\"><div class=\"l-section-overlay\" style=\"background:#0f3157\"><\/div><div class=\"l-section-h i-cf\"><div class=\"g-cols vc_row via_grid cols_1 laptops-cols_inherit tablets-cols_inherit mobiles-cols_1 valign_top type_default stacking_default\"><div class=\"wpb_column vc_column_container\"><div class=\"vc_column-inner\"><nav class=\"g-breadcrumbs us_custom_963f34bc has_text_color separator_icon align_left\" itemscope itemtype=\"http:\/\/schema.org\/BreadcrumbList\"><div class=\"g-breadcrumbs-item\" itemscope itemprop=\"itemListElement\" itemtype=\"http:\/\/schema.org\/ListItem\"><a itemprop=\"item\" href=\"https:\/\/haussermann.com\/en\/\"><span itemprop=\"name\">Home<\/span><\/a><meta itemprop=\"position\" content=\"1\"\/><\/div><div class=\"g-breadcrumbs-separator\"><i class=\"far fa-angle-right\"><\/i><\/div><div class=\"g-breadcrumbs-item\">Pages<\/div><\/nav><\/div><\/div><\/div><\/div><\/section><section class=\"l-section wpb_row height_custom\"><div class=\"l-section-overlay\" style=\"background:#0f3157\"><\/div><div class=\"l-section-h i-cf\"><div class=\"g-cols vc_row via_grid cols_2 laptops-cols_inherit tablets-cols_inherit mobiles-cols_1 valign_top type_default stacking_default\"><div class=\"wpb_column vc_column_container us_custom_6df4bc3a has_text_color\" id=\"custom_img\"><div class=\"vc_column-overlay\" style=\"background:#0f3157\"><\/div><div class=\"vc_column-inner\"><div id=\"ultimate-heading-878369da3dd127cb1\" class=\"uvc-heading ult-adjust-bottom-margin ultimate-heading-878369da3dd127cb1 uvc-9633 underline-blue\" data-hspacer=\"no_spacer\"  data-halign=\"left\" style=\"text-align:left\"><div class=\"uvc-heading-spacer no_spacer\" style=\"top\"><\/div><div class=\"uvc-main-heading ult-responsive\"  data-ultimate-target='.uvc-heading.ultimate-heading-878369da3dd127cb1 h2'  data-responsive-json-new='{\"font-size\":\"\",\"line-height\":\"\"}' ><h2 style=\"font-weight:bold;margin-bottom:2rem;\">Motor Sports<\/h2><\/div><div class=\"uvc-sub-heading ult-responsive\"  data-ultimate-target='.uvc-heading.ultimate-heading-878369da3dd127cb1 .uvc-sub-heading '  data-responsive-json-new='{\"font-size\":\"\",\"line-height\":\"\"}'  style=\"font-weight:normal;\">\n<h1>Experts in high-tech<br \/>\n<strong>on the track<\/strong><\/h1>\n<\/div><\/div><div class=\"w-separator size_medium\"><\/div><div class=\"wpb_text_column\"><div class=\"wpb_wrapper\"><p>Formula 1, the Deutsche Tourenwagen Masters, rallying \u2013 motorsports are a question of the perfect interaction of each individual vehicle component with the smallest possible weight: Optimally designed and tuned transmission and drive train solutions give racing more power and dynamics. High-tech for high-speed. H\u00c4USSERMANN is the reliable development partner in this sector the biggest racing teams and manufacturers. We develop high-performance spring technology solutions and components for motorsports in close cooperation with our customers\u2019 engineers. Our aim is to optimize the dynamics, vibrations, installation space, weight and wear in gearshifts and clutch operations to the limits of what is feasible.<\/p>\n<\/div><\/div><\/div><\/div><div class=\"wpb_column vc_column_container\" id=\"middle_div\"><div class=\"vc_column-overlay\" style=\"background:#0f3157\"><\/div><div class=\"vc_column-inner\"><div class=\"w-separator size_large\"><\/div><div class=\"w-image us_custom_6ccb385f align_center\"><div class=\"w-image-h\"><img decoding=\"async\" width=\"622\" height=\"491\" src=\"https:\/\/haussermann.com\/wp-content\/uploads\/motorsport_high_tech-1.webp\" class=\"attachment-large size-large\" alt=\"Motorsport\" loading=\"lazy\" srcset=\"https:\/\/haussermann.com\/wp-content\/uploads\/motorsport_high_tech-1.webp 622w, https:\/\/haussermann.com\/wp-content\/uploads\/motorsport_high_tech-1-300x237.webp 300w, https:\/\/haussermann.com\/wp-content\/uploads\/motorsport_high_tech-1-190x150.webp 190w, https:\/\/haussermann.com\/wp-content\/uploads\/motorsport_high_tech-1-507x400.webp 507w, https:\/\/haussermann.com\/wp-content\/uploads\/motorsport_high_tech-1-63x50.webp 63w, https:\/\/haussermann.com\/wp-content\/uploads\/motorsport_high_tech-1-127x100.webp 127w\" sizes=\"auto, (max-width: 622px) 100vw, 622px\" \/><\/div><\/div><\/div><\/div><\/div><\/div><\/section><section class=\"l-section wpb_row height_custom\"><div class=\"l-section-h i-cf\"><div class=\"g-cols vc_row via_grid cols_1 laptops-cols_inherit tablets-cols_inherit mobiles-cols_1 valign_top type_default stacking_default\"><div class=\"wpb_column vc_column_container\"><div class=\"vc_column-inner\"><div class=\"g-cols wpb_row via_grid cols_2 laptops-cols_inherit tablets-cols_inherit mobiles-cols_1 valign_top type_default stacking_default\" style=\"--gap:3rem;\"><div class=\"wpb_column vc_column_container\"><div class=\"vc_column-inner\"><div id=\"ultimate-heading-415269da3dd129405\" class=\"uvc-heading ult-adjust-bottom-margin ultimate-heading-415269da3dd129405 uvc-7340 underline-blue\" data-hspacer=\"no_spacer\"  data-halign=\"left\" style=\"text-align:left\"><div class=\"uvc-heading-spacer no_spacer\" style=\"top\"><\/div><div class=\"uvc-sub-heading ult-responsive\"  data-ultimate-target='.uvc-heading.ultimate-heading-415269da3dd129405 .uvc-sub-heading '  data-responsive-json-new='{\"font-size\":\"\",\"line-height\":\"\"}'  style=\"font-weight:normal;\">\n<h3 class=\"h1-und-h2\"><strong>Unsere Produkte f\u00fcr Motorsport<\/strong><br \/>\nund High Performance<\/h3>\n<\/div><\/div><div class=\"w-separator size_medium\"><\/div><div class=\"w-iconbox iconpos_left style_default color_custom align_left no_text icontype_img\"><div class=\"w-iconbox-icon\" style=\"font-size:4rem;\"><svg xmlns=\"http:\/\/www.w3.org\/2000\/svg\" width=\"64\" height=\"16\" viewBox=\"0 0 64 16\"><defs><style>.a{fill:#103157;}.b{fill:#0097d7;}.c{fill:#93d5f6;}<\/style><\/defs><g transform=\"translate(-797 -928)\"><circle class=\"a\" cx=\"8\" cy=\"8\" r=\"8\" transform=\"translate(797 928)\"\/><circle class=\"b\" cx=\"8\" cy=\"8\" r=\"8\" transform=\"translate(829 928)\"\/><circle class=\"c\" cx=\"8\" cy=\"8\" r=\"8\" transform=\"translate(845 928)\"\/><\/g><\/svg><\/div><div class=\"w-iconbox-meta\"><h2 class=\"w-iconbox-title\">OUR PRODUCTS FOR MOTORSPORTS AND HIGH PERFORMANCE \u2013 ADVANTAGES<\/h2><\/div><\/div><div class=\"w-separator size_medium\"><\/div><div class=\"wpb_text_column us_custom_f73ae22e\"><div class=\"wpb_wrapper\"><ul class=\"aufzaehlung-b\">\n<li>High-tech products and solutions for all areas of motorsports \u2013 for racing transmissions and racing clutches<\/li>\n<li>Precision disc springs, wave springs, vibration dampers, energy stores, shock absorbers \u2013 designed for technical limits<\/li>\n<li>Special disc springs (pressure plates) for a higher transmissible torque, less sensitive to thrust loads<\/li>\n<li>ITAF 16949 certified<\/li>\n<li>For dynamic, light and performance-optimized motor sports transmissions and clutches, optimized for quicker gear changes and reduction of gearshift times<\/li>\n<li>For automatic transmissions and dual-clutch transmissions (direct drive, lightning-fast gear changes without interruption of power\/shear force)<\/li>\n<li>For extremely high torques and speeds<\/li>\n<li>Extreme load capacity, operational safety and service life<\/li>\n<li>Reduction in weight, installation space, vibrations and wear<\/li>\n<li>Individual development, design, construction and prototyping<\/li>\n<li>Precision manufacturing and quality assurance according to high-end standards<\/li>\n<li>Production both as a prototype and in series production \u2013 in extreme cases, in record time (e.g. in case of an unforeseeable incident between two races)<\/li>\n<li>Development and further development of innovations in collaboration with leading manufacturers of motor sports components<\/li>\n<li>Thanks to longer service lives, our solutions meet the stringent requirements of racing, e.g. FIA restrictions on replacing components during a season (new transmission rules)<\/li>\n<\/ul>\n<\/div><\/div><\/div><\/div><div class=\"wpb_column vc_column_container\"><div class=\"vc_column-inner\"><div class=\"w-separator hide_on_tablets hide_on_mobiles size_small\"><\/div><div class=\"w-image us_custom_c411928b us_animate_this align_center\"><div class=\"w-image-h\"><img decoding=\"async\" width=\"791\" height=\"410\" src=\"https:\/\/haussermann.com\/wp-content\/uploads\/motorsport_beispiele-1.webp\" class=\"attachment-large size-large\" alt=\"Motorsport Beispiele\" loading=\"lazy\" srcset=\"https:\/\/haussermann.com\/wp-content\/uploads\/motorsport_beispiele-1.webp 791w, https:\/\/haussermann.com\/wp-content\/uploads\/motorsport_beispiele-1-300x155.webp 300w, https:\/\/haussermann.com\/wp-content\/uploads\/motorsport_beispiele-1-250x130.webp 250w, https:\/\/haussermann.com\/wp-content\/uploads\/motorsport_beispiele-1-600x311.webp 600w, https:\/\/haussermann.com\/wp-content\/uploads\/motorsport_beispiele-1-96x50.webp 96w, https:\/\/haussermann.com\/wp-content\/uploads\/motorsport_beispiele-1-193x100.webp 193w\" sizes=\"auto, (max-width: 791px) 100vw, 791px\" \/><\/div><\/div><div class=\"w-separator size_medium\"><\/div><div class=\"w-iconbox iconpos_left style_default color_custom align_left no_text icontype_img\"><div class=\"w-iconbox-icon\" style=\"font-size:4rem;\"><svg xmlns=\"http:\/\/www.w3.org\/2000\/svg\" width=\"64\" height=\"16\" viewBox=\"0 0 64 16\"><defs><style>.a{fill:#103157;}.b{fill:#0097d7;}.c{fill:#93d5f6;}<\/style><\/defs><g transform=\"translate(-797 -928)\"><circle class=\"a\" cx=\"8\" cy=\"8\" r=\"8\" transform=\"translate(797 928)\"\/><circle class=\"b\" cx=\"8\" cy=\"8\" r=\"8\" transform=\"translate(829 928)\"\/><circle class=\"c\" cx=\"8\" cy=\"8\" r=\"8\" transform=\"translate(845 928)\"\/><\/g><\/svg><\/div><div class=\"w-iconbox-meta\"><h2 class=\"w-iconbox-title\"> EXAMPLES OF POSSIBLE APPLICATIONS<\/h2><\/div><\/div><div class=\"w-separator size_medium\"><\/div><div class=\"wpb_text_column us_custom_f73ae22e\"><div class=\"wpb_wrapper\"><p>In addition to the hydraulic actuator of the DRS system (\u201cmovable rear wing\u201d to reduce drag and increase speed), the FIA requires a mechanical retraction in the event of a hydraulics fault for safety reasons so that the air flap of the rear wing can be returned to the aerodynamically loaded position. The mechanical retraction is achieved by means of a stacked disc spring.<\/p>\n<p>The requirements placed on the clutch as a direct connection between the engine and transmission are exceptionally high in motor sports. High operating temperatures exceeding 500 \u00b0C prevail, clutches are becoming increasingly lighter and more compact \u2013 H\u00c4USSERMANN components with optimally matched characteristic curves are indispensable here.<\/p>\n<\/div><\/div><\/div><\/div><\/div><\/div><\/div><\/div><\/div><\/section><section class=\"l-section wpb_row height_small\"><div class=\"l-section-h i-cf\"><div class=\"g-cols vc_row via_grid cols_2 laptops-cols_inherit tablets-cols_inherit mobiles-cols_1 valign_top type_default stacking_default\"><div class=\"wpb_column vc_column_container\"><div class=\"vc_column-inner\"><\/div><\/div><div class=\"wpb_column vc_column_container\"><div class=\"vc_column-inner\"><\/div><\/div><\/div><\/div><\/section>\n","protected":false},"excerpt":{"rendered":"Motor Sports HomePagesMotor Sports Experts in high-tech on the track Formula 1, the Deutsche Tourenwagen Masters, rallying \u2013 motorsports are a question of the perfect interaction of each individual vehicle component with the smallest possible weight: Optimally designed and tuned transmission and drive train solutions give racing more power and dynamics. High-tech for high-speed. H\u00c4USSERMANN...","protected":false},"author":1,"featured_media":0,"parent":11130,"menu_order":0,"comment_status":"closed","ping_status":"closed","template":"","meta":{"footnotes":""},"class_list":["post-11170","page","type-page","status-publish","hentry"],"yoast_head":"<!-- This site is optimized with the Yoast SEO plugin v24.3 - https:\/\/yoast.com\/wordpress\/plugins\/seo\/ -->\n<title>Motor Sports - H\u00c4USSERMANN \u2013 Tellerfeder-, Wellfeder- und Warmform-L\u00f6sungen f\u00fcr die unterschiedlichsten technischen Aufgabenstellungen<\/title>\n<meta name=\"description\" content=\"Hochwertige ma\u00dfgeschneiderte Federn und Schwingungsd\u00e4mpfer f\u00fcr Automobil, Antriebstechnik und weitere Branchen: Entdecken Sie die vielseitigen Tellerfedern, Wellfedern und Warmform-L\u00f6sungen von H\u00c4USSERMANN.\" \/>\n<meta name=\"robots\" content=\"index, follow, max-snippet:-1, max-image-preview:large, max-video-preview:-1\" \/>\n<link rel=\"canonical\" href=\"https:\/\/haussermann.com\/en\/industries\/automotiv-and-transport\/motor-sports\/\" \/>\n<meta property=\"og:locale\" content=\"en_US\" \/>\n<meta property=\"og:type\" content=\"article\" \/>\n<meta property=\"og:title\" content=\"Motor Sports - H\u00c4USSERMANN \u2013 Tellerfeder-, Wellfeder- und Warmform-L\u00f6sungen f\u00fcr die unterschiedlichsten technischen Aufgabenstellungen\" \/>\n<meta property=\"og:description\" content=\"Hochwertige ma\u00dfgeschneiderte Federn und Schwingungsd\u00e4mpfer f\u00fcr Automobil, Antriebstechnik und weitere Branchen: Entdecken Sie die vielseitigen Tellerfedern, Wellfedern und Warmform-L\u00f6sungen von H\u00c4USSERMANN.\" \/>\n<meta property=\"og:url\" content=\"https:\/\/haussermann.com\/en\/industries\/automotiv-and-transport\/motor-sports\/\" \/>\n<meta property=\"og:site_name\" content=\"H\u00c4USSERMANN \u2013 Tellerfeder-, Wellfeder- und Warmform-L\u00f6sungen f\u00fcr die unterschiedlichsten technischen Aufgabenstellungen\" \/>\n<meta property=\"article:modified_time\" content=\"2023-06-07T12:54:51+00:00\" \/>\n<meta name=\"twitter:card\" content=\"summary_large_image\" \/>\n<meta name=\"twitter:label1\" content=\"Est. reading time\" \/>\n\t<meta name=\"twitter:data1\" content=\"3 minutes\" \/>\n<script type=\"application\/ld+json\" class=\"yoast-schema-graph\">{\"@context\":\"https:\/\/schema.org\",\"@graph\":[{\"@type\":\"WebPage\",\"@id\":\"https:\/\/haussermann.com\/en\/industries\/automotiv-and-transport\/motor-sports\/\",\"url\":\"https:\/\/haussermann.com\/en\/industries\/automotiv-and-transport\/motor-sports\/\",\"name\":\"Motor Sports - H\u00c4USSERMANN \u2013 Tellerfeder-, Wellfeder- und Warmform-L\u00f6sungen f\u00fcr die unterschiedlichsten technischen Aufgabenstellungen\",\"isPartOf\":{\"@id\":\"https:\/\/haussermann.com\/en\/#website\"},\"datePublished\":\"2023-05-05T12:32:12+00:00\",\"dateModified\":\"2023-06-07T12:54:51+00:00\",\"description\":\"Hochwertige ma\u00dfgeschneiderte Federn und Schwingungsd\u00e4mpfer f\u00fcr Automobil, Antriebstechnik und weitere Branchen: Entdecken Sie die vielseitigen Tellerfedern, Wellfedern und Warmform-L\u00f6sungen von H\u00c4USSERMANN.\",\"breadcrumb\":{\"@id\":\"https:\/\/haussermann.com\/en\/industries\/automotiv-and-transport\/motor-sports\/#breadcrumb\"},\"inLanguage\":\"en-US\",\"potentialAction\":[{\"@type\":\"ReadAction\",\"target\":[\"https:\/\/haussermann.com\/en\/industries\/automotiv-and-transport\/motor-sports\/\"]}]},{\"@type\":\"BreadcrumbList\",\"@id\":\"https:\/\/haussermann.com\/en\/industries\/automotiv-and-transport\/motor-sports\/#breadcrumb\",\"itemListElement\":[{\"@type\":\"ListItem\",\"position\":1,\"name\":\"Startseite\",\"item\":\"https:\/\/haussermann.com\/en\/\"},{\"@type\":\"ListItem\",\"position\":2,\"name\":\"Industries\",\"item\":\"https:\/\/haussermann.com\/en\/industries\/\"},{\"@type\":\"ListItem\",\"position\":3,\"name\":\"Automotive &#038; Transport\",\"item\":\"https:\/\/haussermann.com\/en\/industries\/automotiv-and-transport\/\"},{\"@type\":\"ListItem\",\"position\":4,\"name\":\"Motor Sports\"}]},{\"@type\":\"WebSite\",\"@id\":\"https:\/\/haussermann.com\/en\/#website\",\"url\":\"https:\/\/haussermann.com\/en\/\",\"name\":\"H\u00c4USSERMANN \u2013 Tellerfeder-, Wellfeder- und Warmform-L\u00f6sungen f\u00fcr die unterschiedlichsten technischen Aufgabenstellungen\",\"description\":\"High-End-Engineering f\u00fcr kundenspezifisch optimierte Federn\",\"publisher\":{\"@id\":\"https:\/\/haussermann.com\/en\/#organization\"},\"potentialAction\":[{\"@type\":\"SearchAction\",\"target\":{\"@type\":\"EntryPoint\",\"urlTemplate\":\"https:\/\/haussermann.com\/en\/?s={search_term_string}\"},\"query-input\":{\"@type\":\"PropertyValueSpecification\",\"valueRequired\":true,\"valueName\":\"search_term_string\"}}],\"inLanguage\":\"en-US\"},{\"@type\":\"Organization\",\"@id\":\"https:\/\/haussermann.com\/en\/#organization\",\"name\":\"H\u00c4USSERMANN \u2013 Tellerfeder-, Wellfeder- und Warmform-L\u00f6sungen f\u00fcr die unterschiedlichsten technischen Aufgabenstellungen\",\"url\":\"https:\/\/haussermann.com\/en\/\",\"logo\":{\"@type\":\"ImageObject\",\"inLanguage\":\"en-US\",\"@id\":\"https:\/\/haussermann.com\/en\/#\/schema\/logo\/image\/\",\"url\":\"https:\/\/haussermann.com\/wp-content\/uploads\/HM_RGB-NEU-.svg\",\"contentUrl\":\"https:\/\/haussermann.com\/wp-content\/uploads\/HM_RGB-NEU-.svg\",\"width\":\"1024\",\"height\":\"1024\",\"caption\":\"H\u00c4USSERMANN \u2013 Tellerfeder-, Wellfeder- und Warmform-L\u00f6sungen f\u00fcr die unterschiedlichsten technischen Aufgabenstellungen\"},\"image\":{\"@id\":\"https:\/\/haussermann.com\/en\/#\/schema\/logo\/image\/\"},\"sameAs\":[\"https:\/\/de.linkedin.com\/company\/haeussermann-gmbh\"]}]}<\/script>\n<!-- \/ Yoast SEO plugin. -->","yoast_head_json":{"title":"Motor Sports - H\u00c4USSERMANN \u2013 Tellerfeder-, Wellfeder- und Warmform-L\u00f6sungen f\u00fcr die unterschiedlichsten technischen Aufgabenstellungen","description":"Hochwertige ma\u00dfgeschneiderte Federn und Schwingungsd\u00e4mpfer f\u00fcr Automobil, Antriebstechnik und weitere Branchen: Entdecken Sie die vielseitigen Tellerfedern, Wellfedern und Warmform-L\u00f6sungen von H\u00c4USSERMANN.","robots":{"index":"index","follow":"follow","max-snippet":"max-snippet:-1","max-image-preview":"max-image-preview:large","max-video-preview":"max-video-preview:-1"},"canonical":"https:\/\/haussermann.com\/en\/industries\/automotiv-and-transport\/motor-sports\/","og_locale":"en_US","og_type":"article","og_title":"Motor Sports - H\u00c4USSERMANN \u2013 Tellerfeder-, Wellfeder- und Warmform-L\u00f6sungen f\u00fcr die unterschiedlichsten technischen Aufgabenstellungen","og_description":"Hochwertige ma\u00dfgeschneiderte Federn und Schwingungsd\u00e4mpfer f\u00fcr Automobil, Antriebstechnik und weitere Branchen: Entdecken Sie die vielseitigen Tellerfedern, Wellfedern und Warmform-L\u00f6sungen von H\u00c4USSERMANN.","og_url":"https:\/\/haussermann.com\/en\/industries\/automotiv-and-transport\/motor-sports\/","og_site_name":"H\u00c4USSERMANN \u2013 Tellerfeder-, Wellfeder- und Warmform-L\u00f6sungen f\u00fcr die unterschiedlichsten technischen Aufgabenstellungen","article_modified_time":"2023-06-07T12:54:51+00:00","twitter_card":"summary_large_image","twitter_misc":{"Est. reading time":"3 minutes"},"schema":{"@context":"https:\/\/schema.org","@graph":[{"@type":"WebPage","@id":"https:\/\/haussermann.com\/en\/industries\/automotiv-and-transport\/motor-sports\/","url":"https:\/\/haussermann.com\/en\/industries\/automotiv-and-transport\/motor-sports\/","name":"Motor Sports - H\u00c4USSERMANN \u2013 Tellerfeder-, Wellfeder- und Warmform-L\u00f6sungen f\u00fcr die unterschiedlichsten technischen Aufgabenstellungen","isPartOf":{"@id":"https:\/\/haussermann.com\/en\/#website"},"datePublished":"2023-05-05T12:32:12+00:00","dateModified":"2023-06-07T12:54:51+00:00","description":"Hochwertige ma\u00dfgeschneiderte Federn und Schwingungsd\u00e4mpfer f\u00fcr Automobil, Antriebstechnik und weitere Branchen: Entdecken Sie die vielseitigen Tellerfedern, Wellfedern und Warmform-L\u00f6sungen von H\u00c4USSERMANN.","breadcrumb":{"@id":"https:\/\/haussermann.com\/en\/industries\/automotiv-and-transport\/motor-sports\/#breadcrumb"},"inLanguage":"en-US","potentialAction":[{"@type":"ReadAction","target":["https:\/\/haussermann.com\/en\/industries\/automotiv-and-transport\/motor-sports\/"]}]},{"@type":"BreadcrumbList","@id":"https:\/\/haussermann.com\/en\/industries\/automotiv-and-transport\/motor-sports\/#breadcrumb","itemListElement":[{"@type":"ListItem","position":1,"name":"Startseite","item":"https:\/\/haussermann.com\/en\/"},{"@type":"ListItem","position":2,"name":"Industries","item":"https:\/\/haussermann.com\/en\/industries\/"},{"@type":"ListItem","position":3,"name":"Automotive &#038; Transport","item":"https:\/\/haussermann.com\/en\/industries\/automotiv-and-transport\/"},{"@type":"ListItem","position":4,"name":"Motor Sports"}]},{"@type":"WebSite","@id":"https:\/\/haussermann.com\/en\/#website","url":"https:\/\/haussermann.com\/en\/","name":"H\u00c4USSERMANN \u2013 Tellerfeder-, Wellfeder- und Warmform-L\u00f6sungen f\u00fcr die unterschiedlichsten technischen Aufgabenstellungen","description":"High-End-Engineering f\u00fcr kundenspezifisch optimierte Federn","publisher":{"@id":"https:\/\/haussermann.com\/en\/#organization"},"potentialAction":[{"@type":"SearchAction","target":{"@type":"EntryPoint","urlTemplate":"https:\/\/haussermann.com\/en\/?s={search_term_string}"},"query-input":{"@type":"PropertyValueSpecification","valueRequired":true,"valueName":"search_term_string"}}],"inLanguage":"en-US"},{"@type":"Organization","@id":"https:\/\/haussermann.com\/en\/#organization","name":"H\u00c4USSERMANN \u2013 Tellerfeder-, Wellfeder- und Warmform-L\u00f6sungen f\u00fcr die unterschiedlichsten technischen Aufgabenstellungen","url":"https:\/\/haussermann.com\/en\/","logo":{"@type":"ImageObject","inLanguage":"en-US","@id":"https:\/\/haussermann.com\/en\/#\/schema\/logo\/image\/","url":"https:\/\/haussermann.com\/wp-content\/uploads\/HM_RGB-NEU-.svg","contentUrl":"https:\/\/haussermann.com\/wp-content\/uploads\/HM_RGB-NEU-.svg","width":"1024","height":"1024","caption":"H\u00c4USSERMANN \u2013 Tellerfeder-, Wellfeder- und Warmform-L\u00f6sungen f\u00fcr die unterschiedlichsten technischen Aufgabenstellungen"},"image":{"@id":"https:\/\/haussermann.com\/en\/#\/schema\/logo\/image\/"},"sameAs":["https:\/\/de.linkedin.com\/company\/haeussermann-gmbh"]}]}},"_links":{"self":[{"href":"https:\/\/haussermann.com\/en\/wp-json\/wp\/v2\/pages\/11170","targetHints":{"allow":["GET"]}}],"collection":[{"href":"https:\/\/haussermann.com\/en\/wp-json\/wp\/v2\/pages"}],"about":[{"href":"https:\/\/haussermann.com\/en\/wp-json\/wp\/v2\/types\/page"}],"author":[{"embeddable":true,"href":"https:\/\/haussermann.com\/en\/wp-json\/wp\/v2\/users\/1"}],"replies":[{"embeddable":true,"href":"https:\/\/haussermann.com\/en\/wp-json\/wp\/v2\/comments?post=11170"}],"version-history":[{"count":3,"href":"https:\/\/haussermann.com\/en\/wp-json\/wp\/v2\/pages\/11170\/revisions"}],"predecessor-version":[{"id":11503,"href":"https:\/\/haussermann.com\/en\/wp-json\/wp\/v2\/pages\/11170\/revisions\/11503"}],"up":[{"embeddable":true,"href":"https:\/\/haussermann.com\/en\/wp-json\/wp\/v2\/pages\/11130"}],"wp:attachment":[{"href":"https:\/\/haussermann.com\/en\/wp-json\/wp\/v2\/media?parent=11170"}],"curies":[{"name":"wp","href":"https:\/\/api.w.org\/{rel}","templated":true}]}}