{"id":11203,"date":"2023-05-16T17:21:13","date_gmt":"2023-05-16T15:21:13","guid":{"rendered":"https:\/\/haussermann.com\/products-and-services\/wellfedern\/"},"modified":"2024-12-10T15:19:03","modified_gmt":"2024-12-10T14:19:03","slug":"wave-springs","status":"publish","type":"page","link":"https:\/\/haussermann.com\/en\/products-and-services\/wave-springs\/","title":{"rendered":"Wave springs"},"content":{"rendered":"<section class=\"l-section wpb_row us_custom_f9de1abc height_custom color_primary with_slider\"><div class=\"l-section-slider\"><div class=\"w-slider style_none fit_cover nav_none count_1\"><div class=\"w-slider-h\"><div class=\"royalSlider\"><div class=\"rsContent\"><a class=\"rsImg\" data-rsw=\"1920\" data-rsh=\"600\" href=\"https:\/\/haussermann.com\/wp-content\/uploads\/Header_wellfedern-1.webp\"><span data-alt=\"Wellfedern\"><\/span><\/a><\/div><\/div><img decoding=\"async\" src=\"https:\/\/haussermann.com\/wp-content\/uploads\/Header_wellfedern-1.webp\" width=\"1920\" height=\"600\" alt=\"Wellfedern\" loading=\"lazy\"><\/div><div class=\"w-slider-json\" onclick='return {&quot;autoScaleSlider&quot;:true,&quot;addActiveClass&quot;:true,&quot;loop&quot;:true,&quot;fadeInLoadedSlide&quot;:false,&quot;slidesSpacing&quot;:0,&quot;imageScalePadding&quot;:0,&quot;numImagesToPreload&quot;:2,&quot;arrowsNav&quot;:false,&quot;arrowsNavAutoHide&quot;:false,&quot;transitionType&quot;:&quot;move&quot;,&quot;transitionSpeed&quot;:1000,&quot;block&quot;:{&quot;moveEffect&quot;:&quot;none&quot;,&quot;speed&quot;:300},&quot;thumbs&quot;:{&quot;fitInViewport&quot;:false,&quot;firstMargin&quot;:false,&quot;spacing&quot;:4},&quot;controlNavigation&quot;:&quot;none&quot;,&quot;autoplay&quot;:{&quot;enabled&quot;:true,&quot;pauseOnHover&quot;:false,&quot;delay&quot;:3000},&quot;autoScaleSliderWidth&quot;:1920,&quot;autoScaleSliderHeight&quot;:600}'><\/div><\/div><\/div><div class=\"l-section-h i-cf\"><div class=\"g-cols vc_row via_grid cols_1 laptops-cols_inherit tablets-cols_inherit mobiles-cols_1 valign_middle type_default stacking_default\"><div class=\"wpb_column vc_column_container\"><div class=\"vc_column-inner\"><div class=\"w-separator size_huge\"><\/div><div class=\"w-separator hide_on_tablets hide_on_mobiles size_huge\"><\/div><div class=\"w-separator hide_on_mobiles size_huge\"><\/div><div class=\"w-separator hide_on_tablets hide_on_mobiles size_huge\"><\/div><div id=\"ultimate-heading-352269e09798aef10\" class=\"uvc-heading ult-adjust-bottom-margin ultimate-heading-352269e09798aef10 uvc-5134 h1-und-h2\" data-hspacer=\"no_spacer\"  data-halign=\"left\" style=\"text-align:left\"><div class=\"uvc-heading-spacer no_spacer\" style=\"top\"><\/div><div class=\"uvc-main-heading ult-responsive\"  data-ultimate-target='.uvc-heading.ultimate-heading-352269e09798aef10 h1'  data-responsive-json-new='{\"font-size\":\"\",\"line-height\":\"\"}' ><h1 style=\"font-weight:bold;color:#ffffff;margin-bottom:2rem;\">Wave Springs<\/h1><\/div><\/div><\/div><\/div><\/div><\/div><\/section><section class=\"l-section wpb_row height_auto width_full\"><div class=\"l-section-h i-cf\"><div class=\"g-cols vc_row via_grid cols_2 laptops-cols_inherit tablets-cols_inherit mobiles-cols_1 valign_top type_boxes stacking_default\" style=\"--gap:0rem;\"><div class=\"wpb_column vc_column_container us_custom_6df4bc3a has_text_color\" id=\"custom_img\"><div class=\"vc_column-overlay\" style=\"background:#0f3157\"><\/div><div class=\"vc_column-inner\"><nav class=\"g-breadcrumbs us_custom_963f34bc has_text_color separator_icon align_left\" itemscope itemtype=\"http:\/\/schema.org\/BreadcrumbList\"><div class=\"g-breadcrumbs-item\" itemscope itemprop=\"itemListElement\" itemtype=\"http:\/\/schema.org\/ListItem\"><a itemprop=\"item\" href=\"https:\/\/haussermann.com\/en\/\"><span itemprop=\"name\">Home<\/span><\/a><meta itemprop=\"position\" content=\"1\"\/><\/div><div class=\"g-breadcrumbs-separator\"><i class=\"far fa-angle-right\"><\/i><\/div><div class=\"g-breadcrumbs-item\">Pages<\/div><\/nav><div class=\"w-separator size_medium\"><\/div><div id=\"ultimate-heading-253369e09798aff95\" class=\"uvc-heading ult-adjust-bottom-margin ultimate-heading-253369e09798aff95 uvc-4511 underline-blue\" data-hspacer=\"no_spacer\"  data-halign=\"left\" style=\"text-align:left\"><div class=\"uvc-heading-spacer no_spacer\" style=\"top\"><\/div><div class=\"uvc-main-heading ult-responsive\"  data-ultimate-target='.uvc-heading.ultimate-heading-253369e09798aff95 h2'  data-responsive-json-new='{\"font-size\":\"\",\"line-height\":\"\"}' ><h2 style=\"font-weight:bold;margin-bottom:2rem;\">Wave Springs made to measure<\/h2><\/div><\/div><div id=\"ultimate-heading-217469e09798b000b\" class=\"uvc-heading ult-adjust-bottom-margin ultimate-heading-217469e09798b000b uvc-6587 h2big\" data-hspacer=\"no_spacer\"  data-halign=\"left\" style=\"text-align:left\"><div class=\"uvc-heading-spacer no_spacer\" style=\"top\"><\/div><div class=\"uvc-main-heading ult-responsive\"  data-ultimate-target='.uvc-heading.ultimate-heading-217469e09798b000b h2'  data-responsive-json-new='{\"font-size\":\"\",\"line-height\":\"\"}' ><h2 style=\"font-weight:normal;margin-bottom:2rem;\">More space, saves weight<\/h2><\/div><\/div><div class=\"w-separator size_medium\"><\/div><div class=\"wpb_text_column\"><div class=\"wpb_wrapper\"><h4>A lot of pressure in a small space: Wave springs hold their own<\/h4>\n<p>Wave springs are coiled or stamped parts\/spring elements, which are usually made of flat material. They are suitable for static and dynamic areas of application.<\/p>\n<p>H\u00c4USSERMANN wave springs are compact <strong>space-saving wonders<\/strong> thanks to their <strong>minimalist spring working height<\/strong>. With reductions in the overall height of up to 50%, they are predestined for environments that require a specification with restricted installation space. The remarkable space savings mean that assemblies can be smaller, resulting in reduced material consumption and more efficient production costs.<\/p>\n<\/div><\/div><\/div><\/div><div class=\"wpb_column vc_column_container\" id=\"middle_div\"><div class=\"vc_column-overlay\" style=\"background:#edf6fb\"><\/div><div class=\"vc_column-inner\"><div class=\"w-separator size_large\"><\/div><div class=\"w-iconbox iconpos_left style_default color_custom align_left no_text icontype_img\"><div class=\"w-iconbox-icon\" style=\"font-size:4rem;\"><svg xmlns=\"http:\/\/www.w3.org\/2000\/svg\" width=\"64\" height=\"16\" viewBox=\"0 0 64 16\"><defs><style>.a{fill:#103157;}.b{fill:#0097d7;}.c{fill:#93d5f6;}<\/style><\/defs><g transform=\"translate(-797 -928)\"><circle class=\"a\" cx=\"8\" cy=\"8\" r=\"8\" transform=\"translate(797 928)\"\/><circle class=\"b\" cx=\"8\" cy=\"8\" r=\"8\" transform=\"translate(829 928)\"\/><circle class=\"c\" cx=\"8\" cy=\"8\" r=\"8\" transform=\"translate(845 928)\"\/><\/g><\/svg><\/div><div class=\"w-iconbox-meta\"><h2 class=\"w-iconbox-title\">STABLE AND SECURE<\/h2><\/div><\/div><div class=\"w-separator size_medium\"><\/div><div class=\"wpb_text_column us_custom_f73ae22e\"><div class=\"wpb_wrapper\"><p>Our wave springs have no problem in demanding, safety-critical applications. They guarantee exceptional stability \u2013 even in the case of rising operating temperatures and nearly unlimited cycles. No matter whether prototypes, small batches, or large quantities are being manufactured.<\/p>\n<\/div><\/div><div class=\"w-separator size_medium\"><\/div><div class=\"w-iconbox iconpos_left style_default color_custom align_left no_text icontype_img\"><div class=\"w-iconbox-icon\" style=\"font-size:4rem;\"><svg xmlns=\"http:\/\/www.w3.org\/2000\/svg\" width=\"64\" height=\"16\" viewBox=\"0 0 64 16\"><defs><style>.a{fill:#103157;}.b{fill:#0097d7;}.c{fill:#93d5f6;}<\/style><\/defs><g transform=\"translate(-797 -928)\"><circle class=\"a\" cx=\"8\" cy=\"8\" r=\"8\" transform=\"translate(797 928)\"\/><circle class=\"b\" cx=\"8\" cy=\"8\" r=\"8\" transform=\"translate(829 928)\"\/><circle class=\"c\" cx=\"8\" cy=\"8\" r=\"8\" transform=\"translate(845 928)\"\/><\/g><\/svg><\/div><div class=\"w-iconbox-meta\"><h2 class=\"w-iconbox-title\">PARTICULARLY FOR DEMANDING APPLICATIONS<\/h2><\/div><\/div><div class=\"w-separator size_medium\"><\/div><div class=\"wpb_text_column us_custom_f73ae22e\"><div class=\"wpb_wrapper\"><p>We are the solutions partner for individually designed high-end spring elements with the tightest spring force tolerances wherever conventional wave springs, typically manufactured by cold forming, reach their limits.<\/p>\n<\/div><\/div><\/div><\/div><\/div><\/div><\/section><section class=\"l-section wpb_row height_small width_full color_alternate with_img parallax_ver\"><div class=\"l-section-img\" role=\"img\" data-img-width=\"1920\" data-img-height=\"434\" style=\"background-image: url(https:\/\/haussermann.com\/wp-content\/uploads\/pkw_trenner.webp);background-repeat: no-repeat;\"><\/div><div class=\"l-section-h i-cf\"><div class=\"g-cols vc_row via_grid cols_1 laptops-cols_inherit tablets-cols_inherit mobiles-cols_1 valign_middle type_default stacking_default\"><div class=\"wpb_column vc_column_container\"><div class=\"vc_column-inner\"><div class=\"w-separator size_small\"><\/div><div class=\"wpb_text_column us_custom_9a71ace6 text-montserrat has_text_color\"><div class=\"wpb_wrapper\"><p><span style=\"font-family: 'Montserrat'; line-height: 1;\"><b>Advantages and application areas<\/b><\/span><\/p>\n<p><span style=\"font-family: 'Montserrat'; line-height: 1;\">\u00a0 <\/span><\/p>\n<\/div><\/div><div class=\"w-separator hide_on_laptops hide_on_tablets hide_on_mobiles size_medium\"><\/div><\/div><\/div><\/div><\/div><\/section><section class=\"l-section wpb_row height_custom\"><div class=\"l-section-h i-cf\"><div class=\"g-cols vc_row via_grid cols_1 laptops-cols_inherit tablets-cols_inherit mobiles-cols_1 valign_top type_default stacking_default\"><div class=\"wpb_column vc_column_container\"><div class=\"vc_column-inner\"><div class=\"g-cols wpb_row via_grid cols_2 laptops-cols_inherit tablets-cols_inherit mobiles-cols_1 valign_top type_default stacking_default\" style=\"--gap:3rem;\"><div class=\"wpb_column vc_column_container\"><div class=\"vc_column-inner\"><div class=\"w-separator size_medium\"><\/div><div class=\"w-iconbox iconpos_left style_default color_custom align_left no_text icontype_img\"><div class=\"w-iconbox-icon\" style=\"font-size:4rem;\"><svg xmlns=\"http:\/\/www.w3.org\/2000\/svg\" width=\"64\" height=\"16\" viewBox=\"0 0 64 16\"><defs><style>.a{fill:#103157;}.b{fill:#0097d7;}.c{fill:#93d5f6;}<\/style><\/defs><g transform=\"translate(-797 -928)\"><circle class=\"a\" cx=\"8\" cy=\"8\" r=\"8\" transform=\"translate(797 928)\"\/><circle class=\"b\" cx=\"8\" cy=\"8\" r=\"8\" transform=\"translate(829 928)\"\/><circle class=\"c\" cx=\"8\" cy=\"8\" r=\"8\" transform=\"translate(845 928)\"\/><\/g><\/svg><\/div><div class=\"w-iconbox-meta\"><h2 class=\"w-iconbox-title\">ADVANTAGES AND FEATURES<\/h2><\/div><\/div><div class=\"w-separator size_medium\"><\/div><div class=\"wpb_text_column\"><div class=\"wpb_wrapper\"><ul class=\"aufzaehlung-b\">\n<li>Production of tighter manufacturing tolerances possible compared to cold-formed wave springs<\/li>\n<li>Wave springs have very low hysteresis (spring work minimized by external friction)<\/li>\n<li class=\"aufzaehlung-b\">Linear and progressive characteristics and stepped progression possible<\/li>\n<li>Comparatively low wear of force-transmitting components<\/li>\n<li>Stackable parallel layers possible<\/li>\n<li>Force applications between aligned parallel levels<\/li>\n<li>Stability of the forces is more consistent and considerably better over the operating range<\/li>\n<li>Small dimensional tolerances for diameters and overall height<\/li>\n<li>Small change in diameter during deflection<\/li>\n<li>Production in a wide range of materials<\/li>\n<li>Dimensional ranges:<br \/>\nMaterial thickness from 0.4 \u2013 5.00 mm<br \/>\nOuter diameter from 5.00 \u2013 250.00 mm, in special cases up to 1000 mm<br \/>\nInner diameter from 2.00 \u2013 240.00 mm<\/li>\n<\/ul>\n<\/div><\/div><\/div><\/div><div class=\"wpb_column vc_column_container us_custom_47474b22 us_animate_this\"><div class=\"vc_column-inner\"><div class=\"w-separator size_medium\"><\/div><div class=\"w-iconbox iconpos_left style_default color_custom align_left no_text icontype_img\"><div class=\"w-iconbox-icon\" style=\"font-size:4rem;\"><svg xmlns=\"http:\/\/www.w3.org\/2000\/svg\" width=\"64\" height=\"16\" viewBox=\"0 0 64 16\"><defs><style>.a{fill:#103157;}.b{fill:#0097d7;}.c{fill:#93d5f6;}<\/style><\/defs><g transform=\"translate(-797 -928)\"><circle class=\"a\" cx=\"8\" cy=\"8\" r=\"8\" transform=\"translate(797 928)\"\/><circle class=\"b\" cx=\"8\" cy=\"8\" r=\"8\" transform=\"translate(829 928)\"\/><circle class=\"c\" cx=\"8\" cy=\"8\" r=\"8\" transform=\"translate(845 928)\"\/><\/g><\/svg><\/div><div class=\"w-iconbox-meta\"><h2 class=\"w-iconbox-title\">EXAMPLE APPLICATIONS<\/h2><\/div><\/div><div class=\"w-separator size_medium\"><\/div><div class=\"wpb_text_column\"><div class=\"wpb_wrapper\"><ul class=\"aufzaehlung-b\">\n<li>Automatic transmissions (<em>e.g., optimizing gear backlash compensation<\/em>)<\/li>\n<li>Steering gears (<em>enhancing precision and stability<\/em>)<\/li>\n<li>Ball bearing preload springs (<em>improving load distribution and performance<\/em>)<\/li>\n<\/ul>\n<\/div><\/div><\/div><\/div><\/div><\/div><\/div><\/div><\/div><\/section><section class=\"l-section wpb_row height_custom\"><div class=\"l-section-overlay\" style=\"background:#f0f9fe\"><\/div><div class=\"l-section-h i-cf\"><div class=\"g-cols vc_row via_grid cols_1 laptops-cols_inherit tablets-cols_inherit mobiles-cols_1 valign_top type_default stacking_default\"><div class=\"wpb_column vc_column_container\"><div class=\"vc_column-inner\"><div class=\"g-cols wpb_row via_grid cols_2 laptops-cols_inherit tablets-cols_inherit mobiles-cols_1 valign_top type_default stacking_default\" style=\"--gap:3rem;\"><div class=\"wpb_column vc_column_container\"><div class=\"vc_column-inner\"><div id=\"ultimate-heading-232669e09798b46eb\" class=\"uvc-heading ult-adjust-bottom-margin ultimate-heading-232669e09798b46eb uvc-7420 underline-blue\" data-hspacer=\"no_spacer\"  data-halign=\"left\" style=\"text-align:left\"><div class=\"uvc-heading-spacer no_spacer\" style=\"top\"><\/div><div class=\"uvc-sub-heading ult-responsive\"  data-ultimate-target='.uvc-heading.ultimate-heading-232669e09798b46eb .uvc-sub-heading '  data-responsive-json-new='{\"font-size\":\"\",\"line-height\":\"\"}'  style=\"font-weight:normal;\">\n<h3 class=\"h1-und-h2\"><strong>Riding the wave of success &#8211;\u00a0<\/strong><br \/>\npatented process<\/h3>\n<\/div><\/div><div class=\"w-separator size_medium\"><\/div><div class=\"wpb_text_column\"><div class=\"wpb_wrapper\"><p>Every application may be different, but our wave spring <em>s<\/em>olutions are precisely adapted to it. The waves are thermally inserted by a process patented for us, giving the wave springs virtually unlimited stability.<\/p>\n<p>Our wave spring products are precisely tailored to your specifications. With us, you can be sure that all parameters are taken into account, and you will receive an optimally tailored wave spring solution. The correct choice of material meets your requirements, from operating temperature to corrosion resistance.<\/p>\n<p>High-end functionality, power density, safety, and installation space savings pay off, as this prevents unnecessary failures, repairs, and downtimes that cost time and money.<\/p>\n<h4>WITH YOU FROM THE VERY START<\/h4>\n<p>Take advantage of the H\u00c4USSERMANN expertise with individual advice and design: The earlier we are involved in the development of your wave spring, the better we can support you.<\/p>\n<p>Our engineers are on hand for the selection, precise calculation, and design of your wave springs. You have a direct line to the experts, saving time and money.<\/p>\n<\/div><\/div><\/div><\/div><div class=\"wpb_column vc_column_container us_custom_47474b22 us_animate_this\"><div class=\"vc_column-inner\"><div class=\"w-separator hide_on_tablets hide_on_mobiles size_custom\" style=\"height:200px\" id=\"tedd\"><style>@media(max-width:600px){ #tedd{height:50px!important}}<\/style><\/div><div class=\"w-image us_custom_6ccb385f align_center\"><div class=\"w-image-h\"><img decoding=\"async\" width=\"675\" height=\"343\" src=\"https:\/\/haussermann.com\/wp-content\/uploads\/wellfedern__auf_der_welle_des_erfolgs-2.webp\" class=\"attachment-large size-large\" alt=\"Wellfedern\" loading=\"lazy\" srcset=\"https:\/\/haussermann.com\/wp-content\/uploads\/wellfedern__auf_der_welle_des_erfolgs-2.webp 675w, https:\/\/haussermann.com\/wp-content\/uploads\/wellfedern__auf_der_welle_des_erfolgs-2-300x152.webp 300w, https:\/\/haussermann.com\/wp-content\/uploads\/wellfedern__auf_der_welle_des_erfolgs-2-250x127.webp 250w, https:\/\/haussermann.com\/wp-content\/uploads\/wellfedern__auf_der_welle_des_erfolgs-2-600x305.webp 600w, https:\/\/haussermann.com\/wp-content\/uploads\/wellfedern__auf_der_welle_des_erfolgs-2-98x50.webp 98w, https:\/\/haussermann.com\/wp-content\/uploads\/wellfedern__auf_der_welle_des_erfolgs-2-197x100.webp 197w\" sizes=\"auto, (max-width: 675px) 100vw, 675px\" \/><\/div><\/div><\/div><\/div><\/div><\/div><\/div><\/div><\/div><\/section>\n","protected":false},"excerpt":{"rendered":"Wave SpringsHomePagesWave Springs made to measureMore space, saves weightA lot of pressure in a small space: Wave springs hold their own Wave springs are coiled or stamped parts\/spring elements, which are usually made of flat material. They are suitable for static and dynamic areas of application. H\u00c4USSERMANN wave springs are compact space-saving wonders thanks to...","protected":false},"author":3,"featured_media":0,"parent":11197,"menu_order":0,"comment_status":"closed","ping_status":"closed","template":"","meta":{"footnotes":""},"class_list":["post-11203","page","type-page","status-publish","hentry"],"yoast_head":"<!-- This site is optimized with the Yoast SEO plugin v24.3 - https:\/\/yoast.com\/wordpress\/plugins\/seo\/ -->\n<title>Wave Springs | High-Performance Solutions by H\u00c4USSERMANN<\/title>\n<meta name=\"description\" content=\"Discover durable wave springs by H\u00c4USSERMANN for precise applications. High quality, customized solutions, and expert support.\" \/>\n<meta name=\"robots\" content=\"index, follow, max-snippet:-1, max-image-preview:large, max-video-preview:-1\" \/>\n<link rel=\"canonical\" href=\"https:\/\/haussermann.com\/en\/products-and-services\/wave-springs\/\" \/>\n<meta property=\"og:locale\" content=\"en_US\" \/>\n<meta property=\"og:type\" content=\"article\" \/>\n<meta property=\"og:title\" content=\"Wave Springs | High-Performance Solutions by H\u00c4USSERMANN\" \/>\n<meta property=\"og:description\" content=\"Discover durable wave springs by H\u00c4USSERMANN for precise applications. High quality, customized solutions, and expert support.\" \/>\n<meta property=\"og:url\" content=\"https:\/\/haussermann.com\/en\/products-and-services\/wave-springs\/\" \/>\n<meta property=\"og:site_name\" content=\"H\u00c4USSERMANN \u2013 Tellerfeder-, Wellfeder- und Warmform-L\u00f6sungen f\u00fcr die unterschiedlichsten technischen Aufgabenstellungen\" \/>\n<meta property=\"article:modified_time\" content=\"2024-12-10T14:19:03+00:00\" \/>\n<meta name=\"twitter:card\" content=\"summary_large_image\" \/>\n<meta name=\"twitter:label1\" content=\"Est. reading time\" \/>\n\t<meta name=\"twitter:data1\" content=\"4 minutes\" \/>\n<script type=\"application\/ld+json\" class=\"yoast-schema-graph\">{\"@context\":\"https:\/\/schema.org\",\"@graph\":[{\"@type\":\"WebPage\",\"@id\":\"https:\/\/haussermann.com\/en\/products-and-services\/wave-springs\/\",\"url\":\"https:\/\/haussermann.com\/en\/products-and-services\/wave-springs\/\",\"name\":\"Wave Springs | High-Performance Solutions by H\u00c4USSERMANN\",\"isPartOf\":{\"@id\":\"https:\/\/haussermann.com\/en\/#website\"},\"datePublished\":\"2023-05-16T15:21:13+00:00\",\"dateModified\":\"2024-12-10T14:19:03+00:00\",\"description\":\"Discover durable wave springs by H\u00c4USSERMANN for precise applications. High quality, customized solutions, and expert support.\",\"breadcrumb\":{\"@id\":\"https:\/\/haussermann.com\/en\/products-and-services\/wave-springs\/#breadcrumb\"},\"inLanguage\":\"en-US\",\"potentialAction\":[{\"@type\":\"ReadAction\",\"target\":[\"https:\/\/haussermann.com\/en\/products-and-services\/wave-springs\/\"]}]},{\"@type\":\"BreadcrumbList\",\"@id\":\"https:\/\/haussermann.com\/en\/products-and-services\/wave-springs\/#breadcrumb\",\"itemListElement\":[{\"@type\":\"ListItem\",\"position\":1,\"name\":\"Startseite\",\"item\":\"https:\/\/haussermann.com\/en\/\"},{\"@type\":\"ListItem\",\"position\":2,\"name\":\"Products and Services\",\"item\":\"https:\/\/haussermann.com\/en\/products-and-services\/\"},{\"@type\":\"ListItem\",\"position\":3,\"name\":\"Wave springs\"}]},{\"@type\":\"WebSite\",\"@id\":\"https:\/\/haussermann.com\/en\/#website\",\"url\":\"https:\/\/haussermann.com\/en\/\",\"name\":\"H\u00c4USSERMANN \u2013 Tellerfeder-, Wellfeder- und Warmform-L\u00f6sungen f\u00fcr die unterschiedlichsten technischen Aufgabenstellungen\",\"description\":\"High-End-Engineering f\u00fcr kundenspezifisch optimierte Federn\",\"publisher\":{\"@id\":\"https:\/\/haussermann.com\/en\/#organization\"},\"potentialAction\":[{\"@type\":\"SearchAction\",\"target\":{\"@type\":\"EntryPoint\",\"urlTemplate\":\"https:\/\/haussermann.com\/en\/?s={search_term_string}\"},\"query-input\":{\"@type\":\"PropertyValueSpecification\",\"valueRequired\":true,\"valueName\":\"search_term_string\"}}],\"inLanguage\":\"en-US\"},{\"@type\":\"Organization\",\"@id\":\"https:\/\/haussermann.com\/en\/#organization\",\"name\":\"H\u00c4USSERMANN \u2013 Tellerfeder-, Wellfeder- und Warmform-L\u00f6sungen f\u00fcr die unterschiedlichsten technischen Aufgabenstellungen\",\"url\":\"https:\/\/haussermann.com\/en\/\",\"logo\":{\"@type\":\"ImageObject\",\"inLanguage\":\"en-US\",\"@id\":\"https:\/\/haussermann.com\/en\/#\/schema\/logo\/image\/\",\"url\":\"https:\/\/haussermann.com\/wp-content\/uploads\/HM_RGB-NEU-.svg\",\"contentUrl\":\"https:\/\/haussermann.com\/wp-content\/uploads\/HM_RGB-NEU-.svg\",\"width\":\"1024\",\"height\":\"1024\",\"caption\":\"H\u00c4USSERMANN \u2013 Tellerfeder-, Wellfeder- und Warmform-L\u00f6sungen f\u00fcr die unterschiedlichsten technischen Aufgabenstellungen\"},\"image\":{\"@id\":\"https:\/\/haussermann.com\/en\/#\/schema\/logo\/image\/\"},\"sameAs\":[\"https:\/\/de.linkedin.com\/company\/haeussermann-gmbh\"]}]}<\/script>\n<!-- \/ Yoast SEO plugin. -->","yoast_head_json":{"title":"Wave Springs | High-Performance Solutions by H\u00c4USSERMANN","description":"Discover durable wave springs by H\u00c4USSERMANN for precise applications. High quality, customized solutions, and expert support.","robots":{"index":"index","follow":"follow","max-snippet":"max-snippet:-1","max-image-preview":"max-image-preview:large","max-video-preview":"max-video-preview:-1"},"canonical":"https:\/\/haussermann.com\/en\/products-and-services\/wave-springs\/","og_locale":"en_US","og_type":"article","og_title":"Wave Springs | High-Performance Solutions by H\u00c4USSERMANN","og_description":"Discover durable wave springs by H\u00c4USSERMANN for precise applications. High quality, customized solutions, and expert support.","og_url":"https:\/\/haussermann.com\/en\/products-and-services\/wave-springs\/","og_site_name":"H\u00c4USSERMANN \u2013 Tellerfeder-, Wellfeder- und Warmform-L\u00f6sungen f\u00fcr die unterschiedlichsten technischen Aufgabenstellungen","article_modified_time":"2024-12-10T14:19:03+00:00","twitter_card":"summary_large_image","twitter_misc":{"Est. reading time":"4 minutes"},"schema":{"@context":"https:\/\/schema.org","@graph":[{"@type":"WebPage","@id":"https:\/\/haussermann.com\/en\/products-and-services\/wave-springs\/","url":"https:\/\/haussermann.com\/en\/products-and-services\/wave-springs\/","name":"Wave Springs | High-Performance Solutions by H\u00c4USSERMANN","isPartOf":{"@id":"https:\/\/haussermann.com\/en\/#website"},"datePublished":"2023-05-16T15:21:13+00:00","dateModified":"2024-12-10T14:19:03+00:00","description":"Discover durable wave springs by H\u00c4USSERMANN for precise applications. High quality, customized solutions, and expert support.","breadcrumb":{"@id":"https:\/\/haussermann.com\/en\/products-and-services\/wave-springs\/#breadcrumb"},"inLanguage":"en-US","potentialAction":[{"@type":"ReadAction","target":["https:\/\/haussermann.com\/en\/products-and-services\/wave-springs\/"]}]},{"@type":"BreadcrumbList","@id":"https:\/\/haussermann.com\/en\/products-and-services\/wave-springs\/#breadcrumb","itemListElement":[{"@type":"ListItem","position":1,"name":"Startseite","item":"https:\/\/haussermann.com\/en\/"},{"@type":"ListItem","position":2,"name":"Products and Services","item":"https:\/\/haussermann.com\/en\/products-and-services\/"},{"@type":"ListItem","position":3,"name":"Wave springs"}]},{"@type":"WebSite","@id":"https:\/\/haussermann.com\/en\/#website","url":"https:\/\/haussermann.com\/en\/","name":"H\u00c4USSERMANN \u2013 Tellerfeder-, Wellfeder- und Warmform-L\u00f6sungen f\u00fcr die unterschiedlichsten technischen Aufgabenstellungen","description":"High-End-Engineering f\u00fcr kundenspezifisch optimierte Federn","publisher":{"@id":"https:\/\/haussermann.com\/en\/#organization"},"potentialAction":[{"@type":"SearchAction","target":{"@type":"EntryPoint","urlTemplate":"https:\/\/haussermann.com\/en\/?s={search_term_string}"},"query-input":{"@type":"PropertyValueSpecification","valueRequired":true,"valueName":"search_term_string"}}],"inLanguage":"en-US"},{"@type":"Organization","@id":"https:\/\/haussermann.com\/en\/#organization","name":"H\u00c4USSERMANN \u2013 Tellerfeder-, Wellfeder- und Warmform-L\u00f6sungen f\u00fcr die unterschiedlichsten technischen Aufgabenstellungen","url":"https:\/\/haussermann.com\/en\/","logo":{"@type":"ImageObject","inLanguage":"en-US","@id":"https:\/\/haussermann.com\/en\/#\/schema\/logo\/image\/","url":"https:\/\/haussermann.com\/wp-content\/uploads\/HM_RGB-NEU-.svg","contentUrl":"https:\/\/haussermann.com\/wp-content\/uploads\/HM_RGB-NEU-.svg","width":"1024","height":"1024","caption":"H\u00c4USSERMANN \u2013 Tellerfeder-, Wellfeder- und Warmform-L\u00f6sungen f\u00fcr die unterschiedlichsten technischen Aufgabenstellungen"},"image":{"@id":"https:\/\/haussermann.com\/en\/#\/schema\/logo\/image\/"},"sameAs":["https:\/\/de.linkedin.com\/company\/haeussermann-gmbh"]}]}},"_links":{"self":[{"href":"https:\/\/haussermann.com\/en\/wp-json\/wp\/v2\/pages\/11203","targetHints":{"allow":["GET"]}}],"collection":[{"href":"https:\/\/haussermann.com\/en\/wp-json\/wp\/v2\/pages"}],"about":[{"href":"https:\/\/haussermann.com\/en\/wp-json\/wp\/v2\/types\/page"}],"author":[{"embeddable":true,"href":"https:\/\/haussermann.com\/en\/wp-json\/wp\/v2\/users\/3"}],"replies":[{"embeddable":true,"href":"https:\/\/haussermann.com\/en\/wp-json\/wp\/v2\/comments?post=11203"}],"version-history":[{"count":13,"href":"https:\/\/haussermann.com\/en\/wp-json\/wp\/v2\/pages\/11203\/revisions"}],"predecessor-version":[{"id":11204,"href":"https:\/\/haussermann.com\/en\/wp-json\/wp\/v2\/pages\/11203\/revisions\/11204"}],"up":[{"embeddable":true,"href":"https:\/\/haussermann.com\/en\/wp-json\/wp\/v2\/pages\/11197"}],"wp:attachment":[{"href":"https:\/\/haussermann.com\/en\/wp-json\/wp\/v2\/media?parent=11203"}],"curies":[{"name":"wp","href":"https:\/\/api.w.org\/{rel}","templated":true}]}}