{"id":11214,"date":"2023-05-16T16:10:07","date_gmt":"2023-05-16T14:10:07","guid":{"rendered":"https:\/\/haussermann.com\/skills\/entwicklung-beratung\/"},"modified":"2023-06-07T11:39:12","modified_gmt":"2023-06-07T09:39:12","slug":"development-consulting","status":"publish","type":"page","link":"https:\/\/haussermann.com\/en\/skills\/development-consulting\/","title":{"rendered":"Development &#038; Consulting"},"content":{"rendered":"<section class=\"l-section wpb_row us_custom_f9de1abc height_custom color_primary with_slider\"><div class=\"l-section-slider\"><div class=\"w-slider style_none fit_cover nav_none count_1\"><div class=\"w-slider-h\"><div class=\"royalSlider\"><div class=\"rsContent\"><a class=\"rsImg\" data-rsw=\"1920\" data-rsh=\"600\" href=\"https:\/\/haussermann.com\/wp-content\/uploads\/Header_Entwicklung-und-Beratung.webp\"><span data-alt=\"Entwicklung und Beratung\"><\/span><\/a><\/div><\/div><img decoding=\"async\" src=\"https:\/\/haussermann.com\/wp-content\/uploads\/Header_Entwicklung-und-Beratung.webp\" width=\"1920\" height=\"600\" alt=\"Entwicklung und Beratung\" loading=\"lazy\"><\/div><div class=\"w-slider-json\" onclick='return {&quot;autoScaleSlider&quot;:true,&quot;addActiveClass&quot;:true,&quot;loop&quot;:true,&quot;fadeInLoadedSlide&quot;:false,&quot;slidesSpacing&quot;:0,&quot;imageScalePadding&quot;:0,&quot;numImagesToPreload&quot;:2,&quot;arrowsNav&quot;:false,&quot;arrowsNavAutoHide&quot;:false,&quot;transitionType&quot;:&quot;move&quot;,&quot;transitionSpeed&quot;:1000,&quot;block&quot;:{&quot;moveEffect&quot;:&quot;none&quot;,&quot;speed&quot;:300},&quot;thumbs&quot;:{&quot;fitInViewport&quot;:false,&quot;firstMargin&quot;:false,&quot;spacing&quot;:4},&quot;controlNavigation&quot;:&quot;none&quot;,&quot;autoplay&quot;:{&quot;enabled&quot;:true,&quot;pauseOnHover&quot;:false,&quot;delay&quot;:3000},&quot;autoScaleSliderWidth&quot;:1920,&quot;autoScaleSliderHeight&quot;:600}'><\/div><\/div><\/div><div class=\"l-section-h i-cf\"><div class=\"g-cols vc_row via_grid cols_1 laptops-cols_inherit tablets-cols_inherit mobiles-cols_1 valign_middle type_default stacking_default\"><div class=\"wpb_column vc_column_container\"><div class=\"vc_column-inner\"><div class=\"w-separator hide_on_mobiles size_huge\"><\/div><div class=\"w-separator hide_on_tablets hide_on_mobiles size_huge\"><\/div><div class=\"w-separator hide_on_tablets hide_on_mobiles size_huge\"><\/div><div id=\"ultimate-heading-50569d39bed4d327\" class=\"uvc-heading ult-adjust-bottom-margin ultimate-heading-50569d39bed4d327 uvc-9664 h1-und-h2\" data-hspacer=\"no_spacer\"  data-halign=\"left\" style=\"text-align:left\"><div class=\"uvc-heading-spacer no_spacer\" style=\"top\"><\/div><div class=\"uvc-sub-heading ult-responsive\"  data-ultimate-target='.uvc-heading.ultimate-heading-50569d39bed4d327 .uvc-sub-heading '  data-responsive-json-new='{\"font-size\":\"\",\"line-height\":\"\"}'  style=\"font-weight:normal;color:#ffffff;\">\n<h2>Design Development<br \/>\n<strong>Partner<\/strong><\/h2>\n<\/div><\/div><\/div><\/div><\/div><\/div><\/section><section class=\"l-section wpb_row height_small\"><div class=\"l-section-h i-cf\"><div class=\"g-cols vc_row via_grid cols_1 laptops-cols_inherit tablets-cols_inherit mobiles-cols_1 valign_top type_default stacking_default\"><div class=\"wpb_column vc_column_container\"><div class=\"vc_column-inner\"><nav class=\"g-breadcrumbs us_custom_ea2be81a separator_icon align_left\" itemscope itemtype=\"http:\/\/schema.org\/BreadcrumbList\"><div class=\"g-breadcrumbs-item\" itemscope itemprop=\"itemListElement\" itemtype=\"http:\/\/schema.org\/ListItem\"><a itemprop=\"item\" href=\"https:\/\/haussermann.com\/en\/\"><span itemprop=\"name\">Home<\/span><\/a><meta itemprop=\"position\" content=\"1\"\/><\/div><div class=\"g-breadcrumbs-separator\"><i class=\"far fa-angle-right\"><\/i><\/div><div class=\"g-breadcrumbs-item\">Pages<\/div><\/nav><\/div><\/div><\/div><\/div><\/section><section class=\"l-section wpb_row height_custom\"><div class=\"l-section-h i-cf\"><div class=\"g-cols vc_row via_grid cols_1 laptops-cols_inherit tablets-cols_inherit mobiles-cols_1 valign_top type_default stacking_default\"><div class=\"wpb_column vc_column_container\"><div class=\"vc_column-inner\"><div id=\"ultimate-heading-234869d39bed4e688\" class=\"uvc-heading ult-adjust-bottom-margin ultimate-heading-234869d39bed4e688 uvc-1090 underline-blue\" data-hspacer=\"no_spacer\"  data-halign=\"left\" style=\"text-align:left\"><div class=\"uvc-heading-spacer no_spacer\" style=\"top\"><\/div><div class=\"uvc-main-heading ult-responsive\"  data-ultimate-target='.uvc-heading.ultimate-heading-234869d39bed4e688 h2'  data-responsive-json-new='{\"font-size\":\"\",\"line-height\":\"\"}' ><h2 style=\"font-weight:bold;margin-bottom:2rem;\">Development &amp; Consulting<\/h2><\/div><div class=\"uvc-sub-heading ult-responsive\"  data-ultimate-target='.uvc-heading.ultimate-heading-234869d39bed4e688 .uvc-sub-heading '  data-responsive-json-new='{\"font-size\":\"\",\"line-height\":\"\"}'  style=\"font-weight:normal;\">\n<h1>Developing progress \u2013<br \/>\n<strong>We are your partner<\/strong><\/h1>\n<\/div><\/div><div class=\"g-cols wpb_row via_grid cols_2 laptops-cols_inherit tablets-cols_inherit mobiles-cols_1 valign_middle type_default stacking_default\" style=\"--gap:3rem;\"><div class=\"wpb_column vc_column_container\"><div class=\"vc_column-inner\"><div class=\"w-separator size_medium\"><\/div><div class=\"wpb_text_column\"><div class=\"wpb_wrapper\"><p>We are the engineering partner for\u00a0<strong>higher spring performance in the smallest installation space<\/strong>, going far beyond standard DIN products. We specialize in\u00a0<strong>specific solutions outside the catalog<\/strong>, in larger dimensions and performance classes that push the boundaries of physics in new ways.<\/p>\n<p>We use our leading expertise to consistently push\u00a0<strong>optimization of performance, installation space, weight and costs<\/strong>\u00a0to the extreme. Until all parameters are right and your application runs continuously with maximum quality in the respective setting.<\/p>\n<p>As a dynamic\u00a0<strong>technology leader<\/strong>, we are far more than just a reliable parts supplier. We get involved in new projects at an early stage and can offer you the right innovative solution more quickly with a high level of technical consulting expertise and readiness to deliver.<\/p>\n<p>Our\u00a0<strong>consulting<\/strong>\u00a0provides dynamic support for your project in all phases: from the initial discussion to coordination, design and development, prototyping, trial and testing, optimization, field trials and the production of small to large batches in series.<\/p>\n<p>Our know-how is based on our own intensive\u00a0<strong>research and development<\/strong>\u00a0carried out over many years in the field of\u00a0<strong>spring technology<\/strong>,\u00a0<strong>hot forming<\/strong>\u00a0spring steels and improving\u00a0<strong>dynamic resilience<\/strong>. Added to this is extensive practical application experience in contact with customers from many industries.<\/p>\n<\/div><\/div><\/div><\/div><div class=\"wpb_column vc_column_container us_custom_47474b22 us_animate_this\"><div class=\"vc_column-inner\"><div class=\"w-image us_custom_6ccb385f align_center\"><div class=\"w-image-h\"><img decoding=\"async\" width=\"624\" height=\"490\" src=\"https:\/\/haussermann.com\/wp-content\/uploads\/Entwicklung-Beratung.webp\" class=\"attachment-large size-large\" alt=\"Entwicklung und Beratung\" loading=\"lazy\" srcset=\"https:\/\/haussermann.com\/wp-content\/uploads\/Entwicklung-Beratung.webp 624w, https:\/\/haussermann.com\/wp-content\/uploads\/Entwicklung-Beratung-300x236.webp 300w, https:\/\/haussermann.com\/wp-content\/uploads\/Entwicklung-Beratung-191x150.webp 191w, https:\/\/haussermann.com\/wp-content\/uploads\/Entwicklung-Beratung-509x400.webp 509w, https:\/\/haussermann.com\/wp-content\/uploads\/Entwicklung-Beratung-64x50.webp 64w, https:\/\/haussermann.com\/wp-content\/uploads\/Entwicklung-Beratung-127x100.webp 127w\" sizes=\"auto, (max-width: 624px) 100vw, 624px\" \/><\/div><\/div><\/div><\/div><\/div><div class=\"w-separator size_medium\"><\/div><\/div><\/div><\/div><\/div><\/section><section class=\"l-section wpb_row height_small\"><div class=\"l-section-h i-cf\"><div class=\"g-cols vc_row via_grid cols_2 laptops-cols_inherit tablets-cols_inherit mobiles-cols_1 valign_top type_default stacking_default\"><div class=\"wpb_column vc_column_container\"><div class=\"vc_column-inner\"><div class=\"w-iconbox iconpos_left style_default color_custom align_left no_text icontype_img\"><div class=\"w-iconbox-icon\" style=\"font-size:4rem;\"><svg xmlns=\"http:\/\/www.w3.org\/2000\/svg\" width=\"64\" height=\"16\" viewBox=\"0 0 64 16\"><defs><style>.a{fill:#103157;}.b{fill:#0097d7;}.c{fill:#93d5f6;}<\/style><\/defs><g transform=\"translate(-797 -928)\"><circle class=\"a\" cx=\"8\" cy=\"8\" r=\"8\" transform=\"translate(797 928)\"\/><circle class=\"b\" cx=\"8\" cy=\"8\" r=\"8\" transform=\"translate(829 928)\"\/><circle class=\"c\" cx=\"8\" cy=\"8\" r=\"8\" transform=\"translate(845 928)\"\/><\/g><\/svg><\/div><div class=\"w-iconbox-meta\"><h2 class=\"w-iconbox-title\">DEEP UNDERSTANDING OF BRANCH REQUIREMENTS<\/h2><\/div><\/div><div class=\"wpb_text_column us_custom_f73ae22e\"><div class=\"wpb_wrapper\"><p>As a<strong>\u00a0partner of leading manufacturers<\/strong>\u00a0in many industries, we play a key role at the highest level\u00a0<strong>far beyond the DIN and standard solutions<\/strong>. We apply our know-how acquired over many years everywhere and thus unlock new synergies and significant potential in an environment of increasing development dynamics and performance targets.<\/p>\n<p>We are therefore not only firmly established in the automotive sector as the\u00a0<strong>preferred development partner<\/strong>\u00a0of OEMs, first tiers and in the spare parts business. Our outstanding,\u00a0<strong>individually tailored solutions<\/strong>\u00a0to problems open up new, unimagined possibilities in many other areas \u2013 in applications such as transport, rail, mechanical engineering and industry, energy, utility machines, medical technology and other industries across the globe.<\/p>\n<\/div><\/div><div class=\"w-separator size_medium\"><\/div><\/div><\/div><div class=\"wpb_column vc_column_container\"><div class=\"vc_column-inner\"><div class=\"w-iconbox iconpos_left style_default color_custom align_left no_text icontype_img\"><div class=\"w-iconbox-icon\" style=\"font-size:4rem;\"><svg xmlns=\"http:\/\/www.w3.org\/2000\/svg\" width=\"64\" height=\"16\" viewBox=\"0 0 64 16\"><defs><style>.a{fill:#103157;}.b{fill:#0097d7;}.c{fill:#93d5f6;}<\/style><\/defs><g transform=\"translate(-797 -928)\"><circle class=\"a\" cx=\"8\" cy=\"8\" r=\"8\" transform=\"translate(797 928)\"\/><circle class=\"b\" cx=\"8\" cy=\"8\" r=\"8\" transform=\"translate(829 928)\"\/><circle class=\"c\" cx=\"8\" cy=\"8\" r=\"8\" transform=\"translate(845 928)\"\/><\/g><\/svg><\/div><div class=\"w-iconbox-meta\"><h2 class=\"w-iconbox-title\">HIGH-END-ENGINEERING: ALL A MATTER OF INTERPRETATION<\/h2><\/div><\/div><div class=\"wpb_text_column us_custom_f73ae22e\"><div class=\"wpb_wrapper\"><p>As a leading engineering partner, we are used to thinking \u201coutside the box\u201d. We always consider the\u00a0<strong>entire development context<\/strong>\u00a0of the customer and their project with this foresight.<\/p>\n<p>We are thus by no means limited to the design of the optimum spring components; we also take care of the\u00a0<strong>optimization of the entire installation space<\/strong>\u00a0and advise you on the selection of special materials and anti-corrosion coatings. Our competent engineers are on hand to advise you on the\u00a0<strong>specific<\/strong>\u00a0<strong>design<\/strong>.<\/p>\n<p>We work internally and with customers as part of a networked team; we use\u00a0<strong>state-of-the-art tools and software solutions<\/strong>\u00a0(CAD, FEM, PDM, testing systems etc.) to optimize the development process and speed up the time-to-market.<\/p>\n<p>Upon request, we will produce the drawing and necessary test specifications for you. Many customers have long since adopted our specifications in their own set of standards.<\/p>\n<p>We are also at the forefront of\u00a0<strong>prototyping<\/strong>, and flexibility is our great strength. We have our\u00a0<strong>own prototype shop<\/strong>\u00a0equipped with state-of-the-art\u00a0<strong>testing<\/strong>\u00a0<strong>facilities<\/strong>. You will receive tried and tested products from us so you can conserve limited test bench capacity and\u00a0<strong>save<\/strong>\u00a0<strong>on development time.<\/strong><\/p>\n<\/div><\/div><div class=\"w-separator size_medium\"><\/div><\/div><\/div><\/div><\/div><\/section>\n","protected":false},"excerpt":{"rendered":"Design Development Partner HomePagesDevelopment &amp; Consulting Developing progress \u2013 We are your partner We are the engineering partner for\u00a0higher spring performance in the smallest installation space, going far beyond standard DIN products. We specialize in\u00a0specific solutions outside the catalog, in larger dimensions and performance classes that push the boundaries of physics in new ways. We...","protected":false},"author":3,"featured_media":0,"parent":11211,"menu_order":0,"comment_status":"closed","ping_status":"closed","template":"","meta":{"footnotes":""},"class_list":["post-11214","page","type-page","status-publish","hentry"],"yoast_head":"<!-- This site is optimized with the Yoast SEO plugin v24.3 - https:\/\/yoast.com\/wordpress\/plugins\/seo\/ -->\n<title>Development &amp; Consulting - H\u00c4USSERMANN \u2013 Tellerfeder-, Wellfeder- und Warmform-L\u00f6sungen f\u00fcr die unterschiedlichsten technischen Aufgabenstellungen<\/title>\n<meta name=\"description\" content=\"Hochwertige ma\u00dfgeschneiderte Federn und Schwingungsd\u00e4mpfer f\u00fcr Automobil, Antriebstechnik und weitere Branchen: Entdecken Sie die vielseitigen Tellerfedern, Wellfedern und Warmform-L\u00f6sungen von H\u00c4USSERMANN.\" \/>\n<meta name=\"robots\" content=\"index, follow, max-snippet:-1, max-image-preview:large, max-video-preview:-1\" \/>\n<link rel=\"canonical\" href=\"https:\/\/haussermann.com\/en\/skills\/development-consulting\/\" \/>\n<meta property=\"og:locale\" content=\"en_US\" \/>\n<meta property=\"og:type\" content=\"article\" \/>\n<meta property=\"og:title\" content=\"Development &amp; Consulting - H\u00c4USSERMANN \u2013 Tellerfeder-, Wellfeder- und Warmform-L\u00f6sungen f\u00fcr die unterschiedlichsten technischen Aufgabenstellungen\" \/>\n<meta property=\"og:description\" content=\"Hochwertige ma\u00dfgeschneiderte Federn und Schwingungsd\u00e4mpfer f\u00fcr Automobil, Antriebstechnik und weitere Branchen: Entdecken Sie die vielseitigen Tellerfedern, Wellfedern und Warmform-L\u00f6sungen von H\u00c4USSERMANN.\" \/>\n<meta property=\"og:url\" content=\"https:\/\/haussermann.com\/en\/skills\/development-consulting\/\" \/>\n<meta property=\"og:site_name\" content=\"H\u00c4USSERMANN \u2013 Tellerfeder-, Wellfeder- und Warmform-L\u00f6sungen f\u00fcr die unterschiedlichsten technischen Aufgabenstellungen\" \/>\n<meta property=\"article:modified_time\" content=\"2023-06-07T09:39:12+00:00\" \/>\n<meta name=\"twitter:card\" content=\"summary_large_image\" \/>\n<meta name=\"twitter:label1\" content=\"Est. reading time\" \/>\n\t<meta name=\"twitter:data1\" content=\"5 minutes\" \/>\n<script type=\"application\/ld+json\" class=\"yoast-schema-graph\">{\"@context\":\"https:\/\/schema.org\",\"@graph\":[{\"@type\":\"WebPage\",\"@id\":\"https:\/\/haussermann.com\/en\/skills\/development-consulting\/\",\"url\":\"https:\/\/haussermann.com\/en\/skills\/development-consulting\/\",\"name\":\"Development & Consulting - H\u00c4USSERMANN \u2013 Tellerfeder-, Wellfeder- und Warmform-L\u00f6sungen f\u00fcr die unterschiedlichsten technischen Aufgabenstellungen\",\"isPartOf\":{\"@id\":\"https:\/\/haussermann.com\/en\/#website\"},\"datePublished\":\"2023-05-16T14:10:07+00:00\",\"dateModified\":\"2023-06-07T09:39:12+00:00\",\"description\":\"Hochwertige ma\u00dfgeschneiderte Federn und Schwingungsd\u00e4mpfer f\u00fcr Automobil, Antriebstechnik und weitere Branchen: Entdecken Sie die vielseitigen Tellerfedern, Wellfedern und Warmform-L\u00f6sungen von H\u00c4USSERMANN.\",\"breadcrumb\":{\"@id\":\"https:\/\/haussermann.com\/en\/skills\/development-consulting\/#breadcrumb\"},\"inLanguage\":\"en-US\",\"potentialAction\":[{\"@type\":\"ReadAction\",\"target\":[\"https:\/\/haussermann.com\/en\/skills\/development-consulting\/\"]}]},{\"@type\":\"BreadcrumbList\",\"@id\":\"https:\/\/haussermann.com\/en\/skills\/development-consulting\/#breadcrumb\",\"itemListElement\":[{\"@type\":\"ListItem\",\"position\":1,\"name\":\"Startseite\",\"item\":\"https:\/\/haussermann.com\/en\/\"},{\"@type\":\"ListItem\",\"position\":2,\"name\":\"Skills\",\"item\":\"https:\/\/haussermann.com\/en\/skills\/\"},{\"@type\":\"ListItem\",\"position\":3,\"name\":\"Development &#038; Consulting\"}]},{\"@type\":\"WebSite\",\"@id\":\"https:\/\/haussermann.com\/en\/#website\",\"url\":\"https:\/\/haussermann.com\/en\/\",\"name\":\"H\u00c4USSERMANN \u2013 Tellerfeder-, Wellfeder- und Warmform-L\u00f6sungen f\u00fcr die unterschiedlichsten technischen Aufgabenstellungen\",\"description\":\"High-End-Engineering f\u00fcr kundenspezifisch optimierte Federn\",\"publisher\":{\"@id\":\"https:\/\/haussermann.com\/en\/#organization\"},\"potentialAction\":[{\"@type\":\"SearchAction\",\"target\":{\"@type\":\"EntryPoint\",\"urlTemplate\":\"https:\/\/haussermann.com\/en\/?s={search_term_string}\"},\"query-input\":{\"@type\":\"PropertyValueSpecification\",\"valueRequired\":true,\"valueName\":\"search_term_string\"}}],\"inLanguage\":\"en-US\"},{\"@type\":\"Organization\",\"@id\":\"https:\/\/haussermann.com\/en\/#organization\",\"name\":\"H\u00c4USSERMANN \u2013 Tellerfeder-, Wellfeder- und Warmform-L\u00f6sungen f\u00fcr die unterschiedlichsten technischen Aufgabenstellungen\",\"url\":\"https:\/\/haussermann.com\/en\/\",\"logo\":{\"@type\":\"ImageObject\",\"inLanguage\":\"en-US\",\"@id\":\"https:\/\/haussermann.com\/en\/#\/schema\/logo\/image\/\",\"url\":\"https:\/\/haussermann.com\/wp-content\/uploads\/HM_RGB-NEU-.svg\",\"contentUrl\":\"https:\/\/haussermann.com\/wp-content\/uploads\/HM_RGB-NEU-.svg\",\"width\":\"1024\",\"height\":\"1024\",\"caption\":\"H\u00c4USSERMANN \u2013 Tellerfeder-, Wellfeder- und Warmform-L\u00f6sungen f\u00fcr die unterschiedlichsten technischen Aufgabenstellungen\"},\"image\":{\"@id\":\"https:\/\/haussermann.com\/en\/#\/schema\/logo\/image\/\"},\"sameAs\":[\"https:\/\/de.linkedin.com\/company\/haeussermann-gmbh\"]}]}<\/script>\n<!-- \/ Yoast SEO plugin. -->","yoast_head_json":{"title":"Development & Consulting - H\u00c4USSERMANN \u2013 Tellerfeder-, Wellfeder- und Warmform-L\u00f6sungen f\u00fcr die unterschiedlichsten technischen Aufgabenstellungen","description":"Hochwertige ma\u00dfgeschneiderte Federn und Schwingungsd\u00e4mpfer f\u00fcr Automobil, Antriebstechnik und weitere Branchen: Entdecken Sie die vielseitigen Tellerfedern, Wellfedern und Warmform-L\u00f6sungen von H\u00c4USSERMANN.","robots":{"index":"index","follow":"follow","max-snippet":"max-snippet:-1","max-image-preview":"max-image-preview:large","max-video-preview":"max-video-preview:-1"},"canonical":"https:\/\/haussermann.com\/en\/skills\/development-consulting\/","og_locale":"en_US","og_type":"article","og_title":"Development & Consulting - H\u00c4USSERMANN \u2013 Tellerfeder-, Wellfeder- und Warmform-L\u00f6sungen f\u00fcr die unterschiedlichsten technischen Aufgabenstellungen","og_description":"Hochwertige ma\u00dfgeschneiderte Federn und Schwingungsd\u00e4mpfer f\u00fcr Automobil, Antriebstechnik und weitere Branchen: Entdecken Sie die vielseitigen Tellerfedern, Wellfedern und Warmform-L\u00f6sungen von H\u00c4USSERMANN.","og_url":"https:\/\/haussermann.com\/en\/skills\/development-consulting\/","og_site_name":"H\u00c4USSERMANN \u2013 Tellerfeder-, Wellfeder- und Warmform-L\u00f6sungen f\u00fcr die unterschiedlichsten technischen Aufgabenstellungen","article_modified_time":"2023-06-07T09:39:12+00:00","twitter_card":"summary_large_image","twitter_misc":{"Est. reading time":"5 minutes"},"schema":{"@context":"https:\/\/schema.org","@graph":[{"@type":"WebPage","@id":"https:\/\/haussermann.com\/en\/skills\/development-consulting\/","url":"https:\/\/haussermann.com\/en\/skills\/development-consulting\/","name":"Development & Consulting - H\u00c4USSERMANN \u2013 Tellerfeder-, Wellfeder- und Warmform-L\u00f6sungen f\u00fcr die unterschiedlichsten technischen Aufgabenstellungen","isPartOf":{"@id":"https:\/\/haussermann.com\/en\/#website"},"datePublished":"2023-05-16T14:10:07+00:00","dateModified":"2023-06-07T09:39:12+00:00","description":"Hochwertige ma\u00dfgeschneiderte Federn und Schwingungsd\u00e4mpfer f\u00fcr Automobil, Antriebstechnik und weitere Branchen: Entdecken Sie die vielseitigen Tellerfedern, Wellfedern und Warmform-L\u00f6sungen von H\u00c4USSERMANN.","breadcrumb":{"@id":"https:\/\/haussermann.com\/en\/skills\/development-consulting\/#breadcrumb"},"inLanguage":"en-US","potentialAction":[{"@type":"ReadAction","target":["https:\/\/haussermann.com\/en\/skills\/development-consulting\/"]}]},{"@type":"BreadcrumbList","@id":"https:\/\/haussermann.com\/en\/skills\/development-consulting\/#breadcrumb","itemListElement":[{"@type":"ListItem","position":1,"name":"Startseite","item":"https:\/\/haussermann.com\/en\/"},{"@type":"ListItem","position":2,"name":"Skills","item":"https:\/\/haussermann.com\/en\/skills\/"},{"@type":"ListItem","position":3,"name":"Development &#038; Consulting"}]},{"@type":"WebSite","@id":"https:\/\/haussermann.com\/en\/#website","url":"https:\/\/haussermann.com\/en\/","name":"H\u00c4USSERMANN \u2013 Tellerfeder-, Wellfeder- und Warmform-L\u00f6sungen f\u00fcr die unterschiedlichsten technischen Aufgabenstellungen","description":"High-End-Engineering f\u00fcr kundenspezifisch optimierte Federn","publisher":{"@id":"https:\/\/haussermann.com\/en\/#organization"},"potentialAction":[{"@type":"SearchAction","target":{"@type":"EntryPoint","urlTemplate":"https:\/\/haussermann.com\/en\/?s={search_term_string}"},"query-input":{"@type":"PropertyValueSpecification","valueRequired":true,"valueName":"search_term_string"}}],"inLanguage":"en-US"},{"@type":"Organization","@id":"https:\/\/haussermann.com\/en\/#organization","name":"H\u00c4USSERMANN \u2013 Tellerfeder-, Wellfeder- und Warmform-L\u00f6sungen f\u00fcr die unterschiedlichsten technischen Aufgabenstellungen","url":"https:\/\/haussermann.com\/en\/","logo":{"@type":"ImageObject","inLanguage":"en-US","@id":"https:\/\/haussermann.com\/en\/#\/schema\/logo\/image\/","url":"https:\/\/haussermann.com\/wp-content\/uploads\/HM_RGB-NEU-.svg","contentUrl":"https:\/\/haussermann.com\/wp-content\/uploads\/HM_RGB-NEU-.svg","width":"1024","height":"1024","caption":"H\u00c4USSERMANN \u2013 Tellerfeder-, Wellfeder- und Warmform-L\u00f6sungen f\u00fcr die unterschiedlichsten technischen Aufgabenstellungen"},"image":{"@id":"https:\/\/haussermann.com\/en\/#\/schema\/logo\/image\/"},"sameAs":["https:\/\/de.linkedin.com\/company\/haeussermann-gmbh"]}]}},"_links":{"self":[{"href":"https:\/\/haussermann.com\/en\/wp-json\/wp\/v2\/pages\/11214","targetHints":{"allow":["GET"]}}],"collection":[{"href":"https:\/\/haussermann.com\/en\/wp-json\/wp\/v2\/pages"}],"about":[{"href":"https:\/\/haussermann.com\/en\/wp-json\/wp\/v2\/types\/page"}],"author":[{"embeddable":true,"href":"https:\/\/haussermann.com\/en\/wp-json\/wp\/v2\/users\/3"}],"replies":[{"embeddable":true,"href":"https:\/\/haussermann.com\/en\/wp-json\/wp\/v2\/comments?post=11214"}],"version-history":[{"count":3,"href":"https:\/\/haussermann.com\/en\/wp-json\/wp\/v2\/pages\/11214\/revisions"}],"predecessor-version":[{"id":11420,"href":"https:\/\/haussermann.com\/en\/wp-json\/wp\/v2\/pages\/11214\/revisions\/11420"}],"up":[{"embeddable":true,"href":"https:\/\/haussermann.com\/en\/wp-json\/wp\/v2\/pages\/11211"}],"wp:attachment":[{"href":"https:\/\/haussermann.com\/en\/wp-json\/wp\/v2\/media?parent=11214"}],"curies":[{"name":"wp","href":"https:\/\/api.w.org\/{rel}","templated":true}]}}