{"id":11220,"date":"2023-05-16T16:26:07","date_gmt":"2023-05-16T14:26:07","guid":{"rendered":"https:\/\/haussermann.com\/skills\/fertigung\/"},"modified":"2023-06-07T11:46:39","modified_gmt":"2023-06-07T09:46:39","slug":"manufacturing","status":"publish","type":"page","link":"https:\/\/haussermann.com\/en\/skills\/manufacturing\/","title":{"rendered":"Manufacturing"},"content":{"rendered":"<section class=\"l-section wpb_row us_custom_f9de1abc height_custom color_primary with_slider\"><div class=\"l-section-slider\"><div class=\"w-slider style_none fit_cover nav_none count_1\"><div class=\"w-slider-h\"><div class=\"royalSlider\"><div class=\"rsContent\"><a class=\"rsImg\" data-rsw=\"1920\" data-rsh=\"600\" href=\"https:\/\/haussermann.com\/wp-content\/uploads\/Header_fertigung.webp\"><span data-alt=\"Fertigung\"><\/span><\/a><\/div><\/div><img decoding=\"async\" src=\"https:\/\/haussermann.com\/wp-content\/uploads\/Header_fertigung.webp\" width=\"1920\" height=\"600\" alt=\"Fertigung\" loading=\"lazy\"><\/div><div class=\"w-slider-json\" onclick='return {&quot;autoScaleSlider&quot;:true,&quot;addActiveClass&quot;:true,&quot;loop&quot;:true,&quot;fadeInLoadedSlide&quot;:false,&quot;slidesSpacing&quot;:0,&quot;imageScalePadding&quot;:0,&quot;numImagesToPreload&quot;:2,&quot;arrowsNav&quot;:false,&quot;arrowsNavAutoHide&quot;:false,&quot;transitionType&quot;:&quot;move&quot;,&quot;transitionSpeed&quot;:1000,&quot;block&quot;:{&quot;moveEffect&quot;:&quot;none&quot;,&quot;speed&quot;:300},&quot;thumbs&quot;:{&quot;fitInViewport&quot;:false,&quot;firstMargin&quot;:false,&quot;spacing&quot;:4},&quot;controlNavigation&quot;:&quot;none&quot;,&quot;autoplay&quot;:{&quot;enabled&quot;:true,&quot;pauseOnHover&quot;:false,&quot;delay&quot;:3000},&quot;autoScaleSliderWidth&quot;:1920,&quot;autoScaleSliderHeight&quot;:600}'><\/div><\/div><\/div><div class=\"l-section-h i-cf\"><div class=\"g-cols vc_row via_grid cols_1 laptops-cols_inherit tablets-cols_inherit mobiles-cols_1 valign_middle type_default stacking_default\"><div class=\"wpb_column vc_column_container\"><div class=\"vc_column-inner\"><div class=\"w-separator hide_on_mobiles size_huge\"><\/div><div class=\"w-separator hide_on_tablets hide_on_mobiles size_huge\"><\/div><div class=\"w-separator hide_on_tablets hide_on_mobiles size_huge\"><\/div><div id=\"ultimate-heading-590069e1edcadc2a3\" class=\"uvc-heading ult-adjust-bottom-margin ultimate-heading-590069e1edcadc2a3 uvc-5186 h1-und-h2\" data-hspacer=\"no_spacer\"  data-halign=\"left\" style=\"text-align:left\"><div class=\"uvc-heading-spacer no_spacer\" style=\"top\"><\/div><div class=\"uvc-sub-heading ult-responsive\"  data-ultimate-target='.uvc-heading.ultimate-heading-590069e1edcadc2a3 .uvc-sub-heading '  data-responsive-json-new='{\"font-size\":\"\",\"line-height\":\"\"}'  style=\"font-weight:normal;color:#ffffff;\">\n<h2>Higher productivity<br \/>\n<strong>through innovative production<\/strong><\/h2>\n<\/div><\/div><\/div><\/div><\/div><\/div><\/section><section class=\"l-section wpb_row height_small\"><div class=\"l-section-h i-cf\"><div class=\"g-cols vc_row via_grid cols_1 laptops-cols_inherit tablets-cols_inherit mobiles-cols_1 valign_top type_default stacking_default\"><div class=\"wpb_column vc_column_container\"><div class=\"vc_column-inner\"><nav class=\"g-breadcrumbs us_custom_ea2be81a separator_icon align_left\" itemscope itemtype=\"http:\/\/schema.org\/BreadcrumbList\"><div class=\"g-breadcrumbs-item\" itemscope itemprop=\"itemListElement\" itemtype=\"http:\/\/schema.org\/ListItem\"><a itemprop=\"item\" href=\"https:\/\/haussermann.com\/en\/\"><span itemprop=\"name\">Home<\/span><\/a><meta itemprop=\"position\" content=\"1\"\/><\/div><div class=\"g-breadcrumbs-separator\"><i class=\"far fa-angle-right\"><\/i><\/div><div class=\"g-breadcrumbs-item\">Pages<\/div><\/nav><\/div><\/div><\/div><\/div><\/section><section class=\"l-section wpb_row height_custom\"><div class=\"l-section-h i-cf\"><div class=\"g-cols vc_row via_grid cols_1 laptops-cols_inherit tablets-cols_inherit mobiles-cols_1 valign_top type_default stacking_default\"><div class=\"wpb_column vc_column_container\"><div class=\"vc_column-inner\"><div id=\"ultimate-heading-468269e1edcadd07d\" class=\"uvc-heading ult-adjust-bottom-margin ultimate-heading-468269e1edcadd07d uvc-8430 underline-blue\" data-hspacer=\"no_spacer\"  data-halign=\"left\" style=\"text-align:left\"><div class=\"uvc-heading-spacer no_spacer\" style=\"top\"><\/div><div class=\"uvc-main-heading ult-responsive\"  data-ultimate-target='.uvc-heading.ultimate-heading-468269e1edcadd07d h2'  data-responsive-json-new='{\"font-size\":\"\",\"line-height\":\"\"}' ><h2 style=\"font-weight:bold;margin-bottom:2rem;\">Manufacturing<\/h2><\/div><div class=\"uvc-sub-heading ult-responsive\"  data-ultimate-target='.uvc-heading.ultimate-heading-468269e1edcadd07d .uvc-sub-heading '  data-responsive-json-new='{\"font-size\":\"\",\"line-height\":\"\"}'  style=\"font-weight:normal;\">\n<h1>From Prototype to<br \/>\n<strong>annual quantities in their millions<\/strong><\/h1>\n<\/div><\/div><div class=\"g-cols wpb_row via_grid cols_2 laptops-cols_inherit tablets-cols_inherit mobiles-cols_1 valign_middle type_default stacking_default\" style=\"--gap:3rem;\"><div class=\"wpb_column vc_column_container\"><div class=\"vc_column-inner\"><div class=\"w-separator size_medium\"><\/div><div class=\"wpb_text_column\"><div class=\"wpb_wrapper\"><p>With our\u00a0<strong>productivity<\/strong>\u00a0and\u00a0<strong>flexibility<\/strong>, we are at the forefront of the industry. Our customers benefit from this high level of efficiency, which is achieved by<\/p>\n<ul class=\"aufzaehlung-b\">\n<li>innovative organization of production<\/li>\n<li>consistent reduction in vertical range of manufacture<\/li>\n<li>concentrating on our strengths in heat and surface treatment<\/li>\n<li>achieving rationalization potential through the constant development of our manufacturing technologies<\/li>\n<li>the CAQ system according to IATF 16949 for almost faultless production<\/li>\n<li>permanently achieving productivity potential \u2013 this enables us to act flexibly in the market in terms of price and to pass on rationalization effects to our customers.<\/li>\n<\/ul>\n<\/div><\/div><\/div><\/div><div class=\"wpb_column vc_column_container us_custom_47474b22 us_animate_this\"><div class=\"vc_column-inner\"><div class=\"w-image us_custom_6ccb385f align_center\"><div class=\"w-image-h\"><img decoding=\"async\" width=\"624\" height=\"490\" src=\"https:\/\/haussermann.com\/wp-content\/uploads\/Fertigung.webp\" class=\"attachment-large size-large\" alt=\"Fertigung H\u00c4USSERMANN\" loading=\"lazy\" srcset=\"https:\/\/haussermann.com\/wp-content\/uploads\/Fertigung.webp 624w, https:\/\/haussermann.com\/wp-content\/uploads\/Fertigung-300x236.webp 300w, https:\/\/haussermann.com\/wp-content\/uploads\/Fertigung-191x150.webp 191w, https:\/\/haussermann.com\/wp-content\/uploads\/Fertigung-509x400.webp 509w, https:\/\/haussermann.com\/wp-content\/uploads\/Fertigung-64x50.webp 64w, https:\/\/haussermann.com\/wp-content\/uploads\/Fertigung-127x100.webp 127w\" sizes=\"auto, (max-width: 624px) 100vw, 624px\" \/><\/div><\/div><\/div><\/div><\/div><div class=\"w-separator size_medium\"><\/div><\/div><\/div><\/div><\/div><\/section><section class=\"l-section wpb_row height_small\"><div class=\"l-section-h i-cf\"><div class=\"g-cols vc_row via_grid cols_2 laptops-cols_inherit tablets-cols_inherit mobiles-cols_1 valign_top type_default stacking_default\"><div class=\"wpb_column vc_column_container\"><div class=\"vc_column-inner\"><div class=\"w-iconbox iconpos_left style_default color_custom align_left no_text icontype_img\"><div class=\"w-iconbox-icon\" style=\"font-size:4rem;\"><svg xmlns=\"http:\/\/www.w3.org\/2000\/svg\" width=\"64\" height=\"16\" viewBox=\"0 0 64 16\"><defs><style>.a{fill:#103157;}.b{fill:#0097d7;}.c{fill:#93d5f6;}<\/style><\/defs><g transform=\"translate(-797 -928)\"><circle class=\"a\" cx=\"8\" cy=\"8\" r=\"8\" transform=\"translate(797 928)\"\/><circle class=\"b\" cx=\"8\" cy=\"8\" r=\"8\" transform=\"translate(829 928)\"\/><circle class=\"c\" cx=\"8\" cy=\"8\" r=\"8\" transform=\"translate(845 928)\"\/><\/g><\/svg><\/div><div class=\"w-iconbox-meta\"><h2 class=\"w-iconbox-title\">MANUFACTURING PROCESSES \u2013 MASTERCLASS IN HIGH-PERFORMANCE SPRING TECHNOLOGY<\/h2><\/div><\/div><div class=\"w-separator size_small\"><\/div><div class=\"wpb_text_column us_custom_f73ae22e\"><div class=\"wpb_wrapper\"><p>H\u00c4USSERMANN has made disc springs, wave springs and thermoforming solutions for\u00a0<strong>precision components<\/strong>\u00a0like no other\u00a0<strong>for the most renowned manufacturers<\/strong>\u00a0from the automotive industry and for many other industrial sectors and applications.<\/p>\n<p>Thanks to our\u00a0<strong>special manufacturing<\/strong>\u00a0processes, we achieve\u00a0<strong>higher power densities<\/strong>, which we consistently implement in particularly cost-effective solutions for our discerning customers.<\/p>\n<p>We use\u00a0<strong>innovative individual processes<\/strong>\u00a0for maximum service life performance with narrow force tolerances and a high level of fatigue strength, for example<\/p>\n<ul class=\"aufzaehlung-b\">\n<li>Hardening, forming and hardening presses<\/li>\n<li>Shot peening through individual machining steps<\/li>\n<li>Special technologies for increasing the service life<\/li>\n<li>Dry hardening in conjunction with solid tools: Producing very precise tapered shapes whilst maintaining a high cooling capacity at the same time<\/li>\n<\/ul>\n<p>With our\u00a0<strong>own tools, innovative processes<\/strong>\u00a0and machines developed in-house and built especially for us, we produce precision parts that are perfectly tailored to high-end customer applications.<\/p>\n<p>They meet demanding requirements in terms of the required number of load cycles, performance, precision, tolerances, reliability and service life.<\/p>\n<h4>THESE ARE THE STRENGTHS OF A SUPERIOR TECHNOLOGY<\/h4>\n<ul class=\"aufzaehlung-b\">\n<li>Compliance with the tightest force tolerances through distortion-free hardening individually in the mold<\/li>\n<li>Deformation of the tongues for optimum use of the installation space in one operation<\/li>\n<li>Shot peening individually and with controlled parameters: Increasing the service life by a factor of 2 to 5; limiting the scattering width in the fatigue strength range<\/li>\n<li>Setting and force testing in the run: 100% security<\/li>\n<\/ul>\n<\/div><\/div><div class=\"w-separator size_medium\"><\/div><\/div><\/div><div class=\"wpb_column vc_column_container\"><div class=\"vc_column-inner\"><div class=\"w-iconbox iconpos_left style_default color_custom align_left no_text icontype_img\"><div class=\"w-iconbox-icon\" style=\"font-size:4rem;\"><svg xmlns=\"http:\/\/www.w3.org\/2000\/svg\" width=\"64\" height=\"16\" viewBox=\"0 0 64 16\"><defs><style>.a{fill:#103157;}.b{fill:#0097d7;}.c{fill:#93d5f6;}<\/style><\/defs><g transform=\"translate(-797 -928)\"><circle class=\"a\" cx=\"8\" cy=\"8\" r=\"8\" transform=\"translate(797 928)\"\/><circle class=\"b\" cx=\"8\" cy=\"8\" r=\"8\" transform=\"translate(829 928)\"\/><circle class=\"c\" cx=\"8\" cy=\"8\" r=\"8\" transform=\"translate(845 928)\"\/><\/g><\/svg><\/div><div class=\"w-iconbox-meta\"><h2 class=\"w-iconbox-title\">XLife\u00ae \u2013 SPECIAL MANUFACTURING PROCESS FOR CERTAIN DISC SPRINGS*<\/h2><\/div><\/div><div class=\"w-separator size_small\"><\/div><div class=\"wpb_text_column us_custom_f73ae22e\"><div class=\"wpb_wrapper\"><ul class=\"aufzaehlung-b\">\n<li>We offer\u00a0<strong>XLife<sup>\u00ae\u00a0<\/sup><\/strong>a revolutionary manufacturing process that enables exceptionally high fatigue strength (alternating load) at very high stress levels.<\/li>\n<li>The XLife\u00ae option can result in an increase in the number of load cycles by a factor of 20 or permits a disc spring which can be approx. 5% smaller in outer diameter with a simultaneous reduction in material thickness of approx. 9%.<\/li>\n<li>XLife\u00ae therefore provides completely new ways of increasing performance in the end product for applications where installation space is critical.<\/li>\n<\/ul>\n<p><em>*Springs with C character; characteristics with h0\/t approx. 1.3<\/em><\/p>\n<\/div><\/div><div class=\"w-separator size_medium\"><\/div><\/div><\/div><\/div><\/div><\/section>\n","protected":false},"excerpt":{"rendered":"Higher productivity through innovative production HomePagesManufacturing From Prototype to annual quantities in their millions With our\u00a0productivity\u00a0and\u00a0flexibility, we are at the forefront of the industry. Our customers benefit from this high level of efficiency, which is achieved by innovative organization of production consistent reduction in vertical range of manufacture concentrating on our strengths in heat and...","protected":false},"author":3,"featured_media":0,"parent":11211,"menu_order":0,"comment_status":"closed","ping_status":"closed","template":"","meta":{"footnotes":""},"class_list":["post-11220","page","type-page","status-publish","hentry"],"yoast_head":"<!-- This site is optimized with the Yoast SEO plugin v24.3 - https:\/\/yoast.com\/wordpress\/plugins\/seo\/ -->\n<title>Manufacturing - H\u00c4USSERMANN \u2013 Tellerfeder-, Wellfeder- und Warmform-L\u00f6sungen f\u00fcr die unterschiedlichsten technischen Aufgabenstellungen<\/title>\n<meta name=\"description\" content=\"Hochwertige ma\u00dfgeschneiderte Federn und Schwingungsd\u00e4mpfer f\u00fcr Automobil, Antriebstechnik und weitere Branchen: Entdecken Sie die vielseitigen Tellerfedern, Wellfedern und Warmform-L\u00f6sungen von H\u00c4USSERMANN.\" \/>\n<meta name=\"robots\" content=\"index, follow, max-snippet:-1, max-image-preview:large, max-video-preview:-1\" \/>\n<link rel=\"canonical\" href=\"https:\/\/haussermann.com\/en\/skills\/manufacturing\/\" \/>\n<meta property=\"og:locale\" content=\"en_US\" \/>\n<meta property=\"og:type\" content=\"article\" \/>\n<meta property=\"og:title\" content=\"Manufacturing - H\u00c4USSERMANN \u2013 Tellerfeder-, Wellfeder- und Warmform-L\u00f6sungen f\u00fcr die unterschiedlichsten technischen Aufgabenstellungen\" \/>\n<meta property=\"og:description\" content=\"Hochwertige ma\u00dfgeschneiderte Federn und Schwingungsd\u00e4mpfer f\u00fcr Automobil, Antriebstechnik und weitere Branchen: Entdecken Sie die vielseitigen Tellerfedern, Wellfedern und Warmform-L\u00f6sungen von H\u00c4USSERMANN.\" \/>\n<meta property=\"og:url\" content=\"https:\/\/haussermann.com\/en\/skills\/manufacturing\/\" \/>\n<meta property=\"og:site_name\" content=\"H\u00c4USSERMANN \u2013 Tellerfeder-, Wellfeder- und Warmform-L\u00f6sungen f\u00fcr die unterschiedlichsten technischen Aufgabenstellungen\" \/>\n<meta property=\"article:modified_time\" content=\"2023-06-07T09:46:39+00:00\" \/>\n<meta name=\"twitter:card\" content=\"summary_large_image\" \/>\n<meta name=\"twitter:label1\" content=\"Est. reading time\" \/>\n\t<meta name=\"twitter:data1\" content=\"4 minutes\" \/>\n<script type=\"application\/ld+json\" class=\"yoast-schema-graph\">{\"@context\":\"https:\/\/schema.org\",\"@graph\":[{\"@type\":\"WebPage\",\"@id\":\"https:\/\/haussermann.com\/en\/skills\/manufacturing\/\",\"url\":\"https:\/\/haussermann.com\/en\/skills\/manufacturing\/\",\"name\":\"Manufacturing - H\u00c4USSERMANN \u2013 Tellerfeder-, Wellfeder- und Warmform-L\u00f6sungen f\u00fcr die unterschiedlichsten technischen Aufgabenstellungen\",\"isPartOf\":{\"@id\":\"https:\/\/haussermann.com\/en\/#website\"},\"datePublished\":\"2023-05-16T14:26:07+00:00\",\"dateModified\":\"2023-06-07T09:46:39+00:00\",\"description\":\"Hochwertige ma\u00dfgeschneiderte Federn und Schwingungsd\u00e4mpfer f\u00fcr Automobil, Antriebstechnik und weitere Branchen: Entdecken Sie die vielseitigen Tellerfedern, Wellfedern und Warmform-L\u00f6sungen von H\u00c4USSERMANN.\",\"breadcrumb\":{\"@id\":\"https:\/\/haussermann.com\/en\/skills\/manufacturing\/#breadcrumb\"},\"inLanguage\":\"en-US\",\"potentialAction\":[{\"@type\":\"ReadAction\",\"target\":[\"https:\/\/haussermann.com\/en\/skills\/manufacturing\/\"]}]},{\"@type\":\"BreadcrumbList\",\"@id\":\"https:\/\/haussermann.com\/en\/skills\/manufacturing\/#breadcrumb\",\"itemListElement\":[{\"@type\":\"ListItem\",\"position\":1,\"name\":\"Startseite\",\"item\":\"https:\/\/haussermann.com\/en\/\"},{\"@type\":\"ListItem\",\"position\":2,\"name\":\"Skills\",\"item\":\"https:\/\/haussermann.com\/en\/skills\/\"},{\"@type\":\"ListItem\",\"position\":3,\"name\":\"Manufacturing\"}]},{\"@type\":\"WebSite\",\"@id\":\"https:\/\/haussermann.com\/en\/#website\",\"url\":\"https:\/\/haussermann.com\/en\/\",\"name\":\"H\u00c4USSERMANN \u2013 Tellerfeder-, Wellfeder- und Warmform-L\u00f6sungen f\u00fcr die unterschiedlichsten technischen Aufgabenstellungen\",\"description\":\"High-End-Engineering f\u00fcr kundenspezifisch optimierte Federn\",\"publisher\":{\"@id\":\"https:\/\/haussermann.com\/en\/#organization\"},\"potentialAction\":[{\"@type\":\"SearchAction\",\"target\":{\"@type\":\"EntryPoint\",\"urlTemplate\":\"https:\/\/haussermann.com\/en\/?s={search_term_string}\"},\"query-input\":{\"@type\":\"PropertyValueSpecification\",\"valueRequired\":true,\"valueName\":\"search_term_string\"}}],\"inLanguage\":\"en-US\"},{\"@type\":\"Organization\",\"@id\":\"https:\/\/haussermann.com\/en\/#organization\",\"name\":\"H\u00c4USSERMANN \u2013 Tellerfeder-, Wellfeder- und Warmform-L\u00f6sungen f\u00fcr die unterschiedlichsten technischen Aufgabenstellungen\",\"url\":\"https:\/\/haussermann.com\/en\/\",\"logo\":{\"@type\":\"ImageObject\",\"inLanguage\":\"en-US\",\"@id\":\"https:\/\/haussermann.com\/en\/#\/schema\/logo\/image\/\",\"url\":\"https:\/\/haussermann.com\/wp-content\/uploads\/HM_RGB-NEU-.svg\",\"contentUrl\":\"https:\/\/haussermann.com\/wp-content\/uploads\/HM_RGB-NEU-.svg\",\"width\":\"1024\",\"height\":\"1024\",\"caption\":\"H\u00c4USSERMANN \u2013 Tellerfeder-, Wellfeder- und Warmform-L\u00f6sungen f\u00fcr die unterschiedlichsten technischen Aufgabenstellungen\"},\"image\":{\"@id\":\"https:\/\/haussermann.com\/en\/#\/schema\/logo\/image\/\"},\"sameAs\":[\"https:\/\/de.linkedin.com\/company\/haeussermann-gmbh\"]}]}<\/script>\n<!-- \/ Yoast SEO plugin. -->","yoast_head_json":{"title":"Manufacturing - H\u00c4USSERMANN \u2013 Tellerfeder-, Wellfeder- und Warmform-L\u00f6sungen f\u00fcr die unterschiedlichsten technischen Aufgabenstellungen","description":"Hochwertige ma\u00dfgeschneiderte Federn und Schwingungsd\u00e4mpfer f\u00fcr Automobil, Antriebstechnik und weitere Branchen: Entdecken Sie die vielseitigen Tellerfedern, Wellfedern und Warmform-L\u00f6sungen von H\u00c4USSERMANN.","robots":{"index":"index","follow":"follow","max-snippet":"max-snippet:-1","max-image-preview":"max-image-preview:large","max-video-preview":"max-video-preview:-1"},"canonical":"https:\/\/haussermann.com\/en\/skills\/manufacturing\/","og_locale":"en_US","og_type":"article","og_title":"Manufacturing - H\u00c4USSERMANN \u2013 Tellerfeder-, Wellfeder- und Warmform-L\u00f6sungen f\u00fcr die unterschiedlichsten technischen Aufgabenstellungen","og_description":"Hochwertige ma\u00dfgeschneiderte Federn und Schwingungsd\u00e4mpfer f\u00fcr Automobil, Antriebstechnik und weitere Branchen: Entdecken Sie die vielseitigen Tellerfedern, Wellfedern und Warmform-L\u00f6sungen von H\u00c4USSERMANN.","og_url":"https:\/\/haussermann.com\/en\/skills\/manufacturing\/","og_site_name":"H\u00c4USSERMANN \u2013 Tellerfeder-, Wellfeder- und Warmform-L\u00f6sungen f\u00fcr die unterschiedlichsten technischen Aufgabenstellungen","article_modified_time":"2023-06-07T09:46:39+00:00","twitter_card":"summary_large_image","twitter_misc":{"Est. reading time":"4 minutes"},"schema":{"@context":"https:\/\/schema.org","@graph":[{"@type":"WebPage","@id":"https:\/\/haussermann.com\/en\/skills\/manufacturing\/","url":"https:\/\/haussermann.com\/en\/skills\/manufacturing\/","name":"Manufacturing - H\u00c4USSERMANN \u2013 Tellerfeder-, Wellfeder- und Warmform-L\u00f6sungen f\u00fcr die unterschiedlichsten technischen Aufgabenstellungen","isPartOf":{"@id":"https:\/\/haussermann.com\/en\/#website"},"datePublished":"2023-05-16T14:26:07+00:00","dateModified":"2023-06-07T09:46:39+00:00","description":"Hochwertige ma\u00dfgeschneiderte Federn und Schwingungsd\u00e4mpfer f\u00fcr Automobil, Antriebstechnik und weitere Branchen: Entdecken Sie die vielseitigen Tellerfedern, Wellfedern und Warmform-L\u00f6sungen von H\u00c4USSERMANN.","breadcrumb":{"@id":"https:\/\/haussermann.com\/en\/skills\/manufacturing\/#breadcrumb"},"inLanguage":"en-US","potentialAction":[{"@type":"ReadAction","target":["https:\/\/haussermann.com\/en\/skills\/manufacturing\/"]}]},{"@type":"BreadcrumbList","@id":"https:\/\/haussermann.com\/en\/skills\/manufacturing\/#breadcrumb","itemListElement":[{"@type":"ListItem","position":1,"name":"Startseite","item":"https:\/\/haussermann.com\/en\/"},{"@type":"ListItem","position":2,"name":"Skills","item":"https:\/\/haussermann.com\/en\/skills\/"},{"@type":"ListItem","position":3,"name":"Manufacturing"}]},{"@type":"WebSite","@id":"https:\/\/haussermann.com\/en\/#website","url":"https:\/\/haussermann.com\/en\/","name":"H\u00c4USSERMANN \u2013 Tellerfeder-, Wellfeder- und Warmform-L\u00f6sungen f\u00fcr die unterschiedlichsten technischen Aufgabenstellungen","description":"High-End-Engineering f\u00fcr kundenspezifisch optimierte Federn","publisher":{"@id":"https:\/\/haussermann.com\/en\/#organization"},"potentialAction":[{"@type":"SearchAction","target":{"@type":"EntryPoint","urlTemplate":"https:\/\/haussermann.com\/en\/?s={search_term_string}"},"query-input":{"@type":"PropertyValueSpecification","valueRequired":true,"valueName":"search_term_string"}}],"inLanguage":"en-US"},{"@type":"Organization","@id":"https:\/\/haussermann.com\/en\/#organization","name":"H\u00c4USSERMANN \u2013 Tellerfeder-, Wellfeder- und Warmform-L\u00f6sungen f\u00fcr die unterschiedlichsten technischen Aufgabenstellungen","url":"https:\/\/haussermann.com\/en\/","logo":{"@type":"ImageObject","inLanguage":"en-US","@id":"https:\/\/haussermann.com\/en\/#\/schema\/logo\/image\/","url":"https:\/\/haussermann.com\/wp-content\/uploads\/HM_RGB-NEU-.svg","contentUrl":"https:\/\/haussermann.com\/wp-content\/uploads\/HM_RGB-NEU-.svg","width":"1024","height":"1024","caption":"H\u00c4USSERMANN \u2013 Tellerfeder-, Wellfeder- und Warmform-L\u00f6sungen f\u00fcr die unterschiedlichsten technischen Aufgabenstellungen"},"image":{"@id":"https:\/\/haussermann.com\/en\/#\/schema\/logo\/image\/"},"sameAs":["https:\/\/de.linkedin.com\/company\/haeussermann-gmbh"]}]}},"_links":{"self":[{"href":"https:\/\/haussermann.com\/en\/wp-json\/wp\/v2\/pages\/11220","targetHints":{"allow":["GET"]}}],"collection":[{"href":"https:\/\/haussermann.com\/en\/wp-json\/wp\/v2\/pages"}],"about":[{"href":"https:\/\/haussermann.com\/en\/wp-json\/wp\/v2\/types\/page"}],"author":[{"embeddable":true,"href":"https:\/\/haussermann.com\/en\/wp-json\/wp\/v2\/users\/3"}],"replies":[{"embeddable":true,"href":"https:\/\/haussermann.com\/en\/wp-json\/wp\/v2\/comments?post=11220"}],"version-history":[{"count":3,"href":"https:\/\/haussermann.com\/en\/wp-json\/wp\/v2\/pages\/11220\/revisions"}],"predecessor-version":[{"id":11426,"href":"https:\/\/haussermann.com\/en\/wp-json\/wp\/v2\/pages\/11220\/revisions\/11426"}],"up":[{"embeddable":true,"href":"https:\/\/haussermann.com\/en\/wp-json\/wp\/v2\/pages\/11211"}],"wp:attachment":[{"href":"https:\/\/haussermann.com\/en\/wp-json\/wp\/v2\/media?parent=11220"}],"curies":[{"name":"wp","href":"https:\/\/api.w.org\/{rel}","templated":true}]}}